{"id":8853,"date":"2025-02-26T09:24:43","date_gmt":"2025-02-26T08:24:43","guid":{"rendered":"https:\/\/komag.it\/?post_type=product&#038;p=8853"},"modified":"2025-02-26T09:28:46","modified_gmt":"2025-02-26T08:28:46","slug":"giotto-kopie","status":"publish","type":"product","link":"https:\/\/komag.it\/it\/produkt\/giotto-kopie\/","title":{"rendered":"Carrello servizio Opera"},"content":{"rendered":"<p>Carrello multiuso di servizio costruito in polipropilene copolimero riciclabile.<\/p>\n<p>Carrello adattabile ad ogni settore e situazione, pratico, robusto e facile da pulire.<br \/>\nDisponibile con porte intere o mezze porte che si aprono a 270\u00b0 per una maggiore praticit\u00e0 durante l&#8217;utilizzo. Sono dotate di chiusura a chiave per garantire al carrello la massima sicurezza ed igiene ed un aspetto ordinato.<br \/>\nLa base particolarmente robusta e le ruote, \u00d8125mm Silent Wheel, o ruote per moquettes \u00d8125mm in nylon monolitiche, oppure ruote in poliuretano \u00d8150mm per esterni, garantiscono al carrello una semplice e agevole mobilit\u00e0 anche con carichi pesanti. Cassetti e ripiani in polipropilene sono particolarmente robusti e facili da pulire, inoltre vi \u00e8 la possibilit\u00e0 di cambiare la loro posizione in base alle proprie esigenze. Le diverse configurazioni disponibili e la vasta dotazione di accessori permettono di personalizzare il carrello secondo le esigenze degli specifici ambienti operativi.<\/p>\n","protected":false},"excerpt":{"rendered":"<p>Carrello multiuso di servizio costruito in polipropilene copolimero riciclabile. Carrello adattabile ad ogni settore e situazione, pratico, robusto e facile da pulire. Disponibile con porte intere o mezze porte che si aprono a 270\u00b0 per una maggiore praticit\u00e0 durante l&#8217;utilizzo. Sono dotate di chiusura a chiave per garantire al carrello la massima sicurezza ed igiene [&hellip;]<\/p>\n","protected":false},"featured_media":8855,"template":"","meta":[],"product_brand":[],"product_cat":[375],"product_tag":[],"class_list":{"0":"post-8853","1":"product","2":"type-product","3":"status-publish","4":"has-post-thumbnail","6":"product_cat-carrelli-per-pulizia-hotel","8":"first","9":"instock","10":"virtual","11":"product-type-simple"},"_links":{"self":[{"href":"https:\/\/komag.it\/it\/wp-json\/wp\/v2\/product\/8853","targetHints":{"allow":["GET"]}}],"collection":[{"href":"https:\/\/komag.it\/it\/wp-json\/wp\/v2\/product"}],"about":[{"href":"https:\/\/komag.it\/it\/wp-json\/wp\/v2\/types\/product"}],"version-history":[{"count":2,"href":"https:\/\/komag.it\/it\/wp-json\/wp\/v2\/product\/8853\/revisions"}],"predecessor-version":[{"id":8859,"href":"https:\/\/komag.it\/it\/wp-json\/wp\/v2\/product\/8853\/revisions\/8859"}],"wp:featuredmedia":[{"embeddable":true,"href":"https:\/\/komag.it\/it\/wp-json\/wp\/v2\/media\/8855"}],"wp:attachment":[{"href":"https:\/\/komag.it\/it\/wp-json\/wp\/v2\/media?parent=8853"}],"wp:term":[{"taxonomy":"product_brand","embeddable":true,"href":"https:\/\/komag.it\/it\/wp-json\/wp\/v2\/product_brand?post=8853"},{"taxonomy":"product_cat","embeddable":true,"href":"https:\/\/komag.it\/it\/wp-json\/wp\/v2\/product_cat?post=8853"},{"taxonomy":"product_tag","embeddable":true,"href":"https:\/\/komag.it\/it\/wp-json\/wp\/v2\/product_tag?post=8853"}],"curies":[{"name":"wp","href":"https:\/\/api.w.org\/{rel}","templated":true}]}}