{"id":8793,"date":"2025-01-20T09:23:17","date_gmt":"2025-01-20T08:23:17","guid":{"rendered":"https:\/\/komag.it\/?post_type=product&#038;p=8793"},"modified":"2025-02-26T15:11:00","modified_gmt":"2025-02-26T14:11:00","slug":"power-d12-kopie","status":"publish","type":"product","link":"https:\/\/komag.it\/it\/produkt\/power-d12-kopie\/","title":{"rendered":"Aspirapolvere a zaino con batteria"},"content":{"rendered":"<p>L&#8217;aspirapolvere a zaino ergonomico con il sistema di batterie CAS (Cordless Alliance System), indipendente dal produttore, garantisce un lavoro illimitato e sicuro senza cavo. L&#8217;unit\u00e0 di controllo consente di passare facilmente dalla modalit\u00e0 standard a quella ECO, pi\u00f9 silenziosa ed efficiente, con un&#8217;autonomia fino a 60 minuti (a seconda della dimensione della batteria).<\/p>\n<p><a href=\"https:\/\/komag.it\/wp-content\/uploads\/2025\/02\/RS05-CAS-Komag-I.pdf\" target=\"_blank\" rel=\"noopener\">&gt; Scheda tecnica<\/a><\/p>\n","protected":false},"excerpt":{"rendered":"<p>L&#8217;aspirapolvere a zaino ergonomico con il sistema di batterie CAS (Cordless Alliance System), indipendente dal produttore, garantisce un lavoro illimitato e sicuro senza cavo. L&#8217;unit\u00e0 di controllo consente di passare facilmente dalla modalit\u00e0 standard a quella ECO, pi\u00f9 silenziosa ed efficiente, con un&#8217;autonomia fino a 60 minuti (a seconda della dimensione della batteria). &gt; Scheda [&hellip;]<\/p>\n","protected":false},"featured_media":8806,"template":"","meta":[],"product_brand":[],"product_cat":[331,332,333],"product_tag":[],"class_list":{"0":"post-8793","1":"product","2":"type-product","3":"status-publish","4":"has-post-thumbnail","6":"product_cat-aspirapolveri-hotel","7":"product_cat-aspirapolvere-aziende","8":"product_cat-aspirapolvere-casa","10":"first","11":"instock","12":"virtual","13":"product-type-simple"},"_links":{"self":[{"href":"https:\/\/komag.it\/it\/wp-json\/wp\/v2\/product\/8793","targetHints":{"allow":["GET"]}}],"collection":[{"href":"https:\/\/komag.it\/it\/wp-json\/wp\/v2\/product"}],"about":[{"href":"https:\/\/komag.it\/it\/wp-json\/wp\/v2\/types\/product"}],"version-history":[{"count":3,"href":"https:\/\/komag.it\/it\/wp-json\/wp\/v2\/product\/8793\/revisions"}],"predecessor-version":[{"id":8872,"href":"https:\/\/komag.it\/it\/wp-json\/wp\/v2\/product\/8793\/revisions\/8872"}],"wp:featuredmedia":[{"embeddable":true,"href":"https:\/\/komag.it\/it\/wp-json\/wp\/v2\/media\/8806"}],"wp:attachment":[{"href":"https:\/\/komag.it\/it\/wp-json\/wp\/v2\/media?parent=8793"}],"wp:term":[{"taxonomy":"product_brand","embeddable":true,"href":"https:\/\/komag.it\/it\/wp-json\/wp\/v2\/product_brand?post=8793"},{"taxonomy":"product_cat","embeddable":true,"href":"https:\/\/komag.it\/it\/wp-json\/wp\/v2\/product_cat?post=8793"},{"taxonomy":"product_tag","embeddable":true,"href":"https:\/\/komag.it\/it\/wp-json\/wp\/v2\/product_tag?post=8793"}],"curies":[{"name":"wp","href":"https:\/\/api.w.org\/{rel}","templated":true}]}}