{"id":8215,"date":"2024-02-27T13:17:42","date_gmt":"2024-02-27T12:17:42","guid":{"rendered":"https:\/\/komag.it\/?post_type=product&#038;p=8215"},"modified":"2024-09-02T14:02:12","modified_gmt":"2024-09-02T12:02:12","slug":"saugroboter-scrubber-75-kopie","status":"publish","type":"product","link":"https:\/\/komag.it\/it\/produkt\/saugroboter-scrubber-75-kopie\/","title":{"rendered":"Saugroboter Phantas"},"content":{"rendered":"<p>Phantas \u00e8 un robot per la pulizia dei pavimenti guidato da intelligenza artificiale. E&#8217; progettato per strutture commerciali di piccole e medie dimensioni ed in particolare per uffici. Integra 4 modalit\u00e0 di pulizia e tutti i tipi di innovazioni tecnologiche pi\u00f9 recenti per fornire una soluzione di pulizia all-in-one altamente produttiva<br \/>\ned economica. Dal design compatto, Phantas consente la pulizia in spazi ristretti come le aree sotto i tavoli. Questo, unito alla sua potente capacit\u00e0 di<br \/>\npulizia dei bordi, garantisce la massima copertura del pavimento. Attraverso la tecnologia &#8220;deep learning&#8221;, Phantas \u00e8 in grado di identificare i tipi di pavimento e regolare automaticamente la modalit\u00e0 di funzionamento, riconosce i differenti ostacoli calcolando come evitarli nella maniera pi\u00f9 efficiente. Grazie alla funzione &#8220;spot<br \/>\ncleaning&#8221;. Phantas \u00e8 stato sviluppato per aiutare in modo concreto le operazioni di pulizia quotidiane, riducendo al minimo l&#8217;intervento umano. La workstation e la connettivit\u00e0 IoT garantiscono a Phantas il massimo livello di autonomia. Nel frattempo, con l&#8217;app di facile utilizzo, gli operatori possono controllare la pulizia dei pavimenti tramite qualsiasi dispositivo mobile, da qualsiasi luogo e in qualsiasi momento. L&#8217;eccezionale versatilit\u00e0 e facilit\u00e0 d&#8217;uso rendono Phantas un prodotto accessibile a tutti : \u00e8 stato creato per servire tutti, ovunque.<\/p>\n<p><a href=\"https:\/\/komag.it\/wp-content\/uploads\/2024\/09\/Phantas-IT.pdf\" target=\"_blank\" rel=\"noopener\"><strong>&gt; Scheda tecnica<\/strong><\/a><\/p>\n","protected":false},"excerpt":{"rendered":"<p>Phantas \u00e8 un robot per la pulizia dei pavimenti guidato da intelligenza artificiale. E&#8217; progettato per strutture commerciali di piccole e medie dimensioni ed in particolare per uffici. Integra 4 modalit\u00e0 di pulizia e tutti i tipi di innovazioni tecnologiche pi\u00f9 recenti per fornire una soluzione di pulizia all-in-one altamente produttiva<br \/>\ned economica.<\/p>\n","protected":false},"featured_media":8225,"template":"","meta":[],"product_brand":[],"product_cat":[254,433,373,413,378,414,384,415,403,416,394,417,396,418,397,419],"product_tag":[],"class_list":{"0":"post-8215","1":"product","2":"type-product","3":"status-publish","4":"has-post-thumbnail","6":"product_cat-gastronomia","7":"product_cat-robot-di-pulizia-it","8":"product_cat-hotel-it","9":"product_cat-robot-di-pulizia","10":"product_cat-commercio-e-alimentazione","11":"product_cat-robot-di-pulizia-it-2","12":"product_cat-magazzini-e-logistica","13":"product_cat-robot-di-pulizia-it-3","14":"product_cat-industria-farmaceutica","15":"product_cat-robot-di-pulizia-it-4","16":"product_cat-casa-di-cura","17":"product_cat-robot-di-pulizia-it-5","18":"product_cat-azienda-sanitaria","19":"product_cat-robot-di-pulizia-it-6","20":"product_cat-scuole","21":"product_cat-robot-di-pulizia-it-7","23":"first","24":"instock","25":"virtual","26":"product-type-simple"},"_links":{"self":[{"href":"https:\/\/komag.it\/it\/wp-json\/wp\/v2\/product\/8215","targetHints":{"allow":["GET"]}}],"collection":[{"href":"https:\/\/komag.it\/it\/wp-json\/wp\/v2\/product"}],"about":[{"href":"https:\/\/komag.it\/it\/wp-json\/wp\/v2\/types\/product"}],"version-history":[{"count":0,"href":"https:\/\/komag.it\/it\/wp-json\/wp\/v2\/product\/8215\/revisions"}],"wp:featuredmedia":[{"embeddable":true,"href":"https:\/\/komag.it\/it\/wp-json\/wp\/v2\/media\/8225"}],"wp:attachment":[{"href":"https:\/\/komag.it\/it\/wp-json\/wp\/v2\/media?parent=8215"}],"wp:term":[{"taxonomy":"product_brand","embeddable":true,"href":"https:\/\/komag.it\/it\/wp-json\/wp\/v2\/product_brand?post=8215"},{"taxonomy":"product_cat","embeddable":true,"href":"https:\/\/komag.it\/it\/wp-json\/wp\/v2\/product_cat?post=8215"},{"taxonomy":"product_tag","embeddable":true,"href":"https:\/\/komag.it\/it\/wp-json\/wp\/v2\/product_tag?post=8215"}],"curies":[{"name":"wp","href":"https:\/\/api.w.org\/{rel}","templated":true}]}}