{"id":8201,"date":"2024-02-27T13:06:11","date_gmt":"2024-02-27T12:06:11","guid":{"rendered":"https:\/\/komag.it\/?post_type=product&#038;p=8201"},"modified":"2024-09-02T14:12:02","modified_gmt":"2024-09-02T12:12:02","slug":"robot-scrubber-50-kopie","status":"publish","type":"product","link":"https:\/\/komag.it\/it\/produkt\/robot-scrubber-50-kopie\/","title":{"rendered":"Saugroboter Scrubber 75"},"content":{"rendered":"<p>Scrubber 75 \u00e8 un robot per la pulizia industriale. \u00c8 il classico ammiraglio di Gausium, il &#8220;primogenito&#8221; della famiglia di robot per la pulizia. Il lavasciuga pavimenti autonomo \u00e8 dotato di oltre 20 sensori intorno al corpo macchina, garantendo un&#8217;eccellente percezione dell&#8217;ambiente e un&#8217;evitazione intelligente degli ostacoli. Con una larghezza di pulizia di 750 mm e un serbatoio da 75 litri per l&#8217;acqua pulita, il robot \u00e8 la scelta ideale per operazioni di pulizia su larga scala. La sua agilit\u00e0 non \u00e8 compromessa dalle dimensioni: Scrubber 75 offre una manovrabilit\u00e0 eccezionale con un innovativo testa spazzola montata anteriormente, un volante ergonomico e un pedale di supporto.<\/p>\n<p>\u2022 Integrazione di scrubbing, spazzamento, pulizia della polvere e sgrassatura. Fino a 3.000 m\u00b2\/h di prestazioni di pulizia.<br \/>\n\u2022 Sistema di sensori leader di mercato composto da LiDAR 3D, laser 2D, telecamere 3D. Il 75 P \u00e8 dotato di radar a onde millimetriche per una percezione pi\u00f9 rapida e precisa dei movimenti del veicolo.<br \/>\n\u2022 Raggiungere e pulire gli angoli a 90\u00b0 per porre fine una volta per tutte alla pulizia incompleta.<br \/>\n\u2022 Capacit\u00e0 di marcare le macchie di olio sulla mappa e eseguire una pulizia completa dell&#8217;olio.<br \/>\n\u2022 Con lampeggiante, luce di proiezione blu e luce aggiuntiva, la posizione della macchina viene comunicata chiaramente attraverso segnali identificabili dal veicolo.<br \/>\n\u2022 Riduzione del consumo di acqua fresca di circa l&#8217;80%.<\/p>\n<p><a href=\"https:\/\/komag.it\/wp-content\/uploads\/2024\/09\/Scrubber-75-IT.pdf\" target=\"_blank\" rel=\"noopener\"><strong>&gt; Scheda tecnica<\/strong><\/a><\/p>\n","protected":false},"excerpt":{"rendered":"<p>Scrubber 75 \u00e8 un robot per la pulizia industriale. \u00c8 il classico ammiraglio di Gausium, il &#8220;primogenito&#8221; della famiglia di robot per la pulizia. Il lavasciuga pavimenti autonomo \u00e8 dotato di oltre 20 sensori intorno al corpo macchina, garantendo un&#8217;eccellente percezione dell&#8217;ambiente e un&#8217;evitazione intelligente degli ostacoli. Con una larghezza di pulizia di 750 mm e un serbatoio da 75 litri per l&#8217;acqua pulita, il robot \u00e8 la scelta ideale per operazioni di pulizia su larga scala<\/p>\n","protected":false},"featured_media":8203,"template":"","meta":[],"product_brand":[],"product_cat":[254,433,373,413,378,414,384,415,403,416,394,417,396,418,397,419],"product_tag":[],"class_list":{"0":"post-8201","1":"product","2":"type-product","3":"status-publish","4":"has-post-thumbnail","6":"product_cat-gastronomia","7":"product_cat-robot-di-pulizia-it","8":"product_cat-hotel-it","9":"product_cat-robot-di-pulizia","10":"product_cat-commercio-e-alimentazione","11":"product_cat-robot-di-pulizia-it-2","12":"product_cat-magazzini-e-logistica","13":"product_cat-robot-di-pulizia-it-3","14":"product_cat-industria-farmaceutica","15":"product_cat-robot-di-pulizia-it-4","16":"product_cat-casa-di-cura","17":"product_cat-robot-di-pulizia-it-5","18":"product_cat-azienda-sanitaria","19":"product_cat-robot-di-pulizia-it-6","20":"product_cat-scuole","21":"product_cat-robot-di-pulizia-it-7","23":"first","24":"instock","25":"virtual","26":"product-type-simple"},"_links":{"self":[{"href":"https:\/\/komag.it\/it\/wp-json\/wp\/v2\/product\/8201","targetHints":{"allow":["GET"]}}],"collection":[{"href":"https:\/\/komag.it\/it\/wp-json\/wp\/v2\/product"}],"about":[{"href":"https:\/\/komag.it\/it\/wp-json\/wp\/v2\/types\/product"}],"version-history":[{"count":0,"href":"https:\/\/komag.it\/it\/wp-json\/wp\/v2\/product\/8201\/revisions"}],"wp:featuredmedia":[{"embeddable":true,"href":"https:\/\/komag.it\/it\/wp-json\/wp\/v2\/media\/8203"}],"wp:attachment":[{"href":"https:\/\/komag.it\/it\/wp-json\/wp\/v2\/media?parent=8201"}],"wp:term":[{"taxonomy":"product_brand","embeddable":true,"href":"https:\/\/komag.it\/it\/wp-json\/wp\/v2\/product_brand?post=8201"},{"taxonomy":"product_cat","embeddable":true,"href":"https:\/\/komag.it\/it\/wp-json\/wp\/v2\/product_cat?post=8201"},{"taxonomy":"product_tag","embeddable":true,"href":"https:\/\/komag.it\/it\/wp-json\/wp\/v2\/product_tag?post=8201"}],"curies":[{"name":"wp","href":"https:\/\/api.w.org\/{rel}","templated":true}]}}