{"id":7161,"date":"2023-09-15T09:02:28","date_gmt":"2023-09-15T07:02:28","guid":{"rendered":"https:\/\/new.komag.it\/produkt\/cleanfix-600\/"},"modified":"2023-09-15T09:03:30","modified_gmt":"2023-09-15T07:03:30","slug":"cleanfix-600","status":"publish","type":"product","link":"https:\/\/komag.it\/it\/produkt\/cleanfix-600\/","title":{"rendered":"Cleanfix 600"},"content":{"rendered":"<p>Spr\u00fchextraktionsmaschine f\u00fcr den gr\u00fcndlichen Einsatz. Dank Membrantank auch f\u00fcr gr\u00f6ssere Eins\u00e4tze geeignet.<\/p>\n<p>\u2022 Gesamtleistung: 1.000 Watt<br \/>\u2022 Vakkum: 210 mbar<br \/>\u2022 Frisch-\/Schmutzwassertank: 28\/30 lt.<br \/>\u2022 Gewicht: 21 kg<\/p>\n<p><a href=\"https:\/\/komag.it\/wp-content\/uploads\/2023\/09\/Cleanfix-TW-600-1.pdf\" target=\"_blank\" rel=\"noopener\" data-mce-href=\"https:\/\/komag.it\/wp-content\/uploads\/2023\/09\/Cleanfix-TW-600-1.pdf\"><strong>&gt; Scheda tecnica<\/strong><\/a><\/p>\n","protected":false},"excerpt":{"rendered":"<p><br data-mce-bogus=\"1\"><\/p>\n","protected":false},"featured_media":7335,"template":"","meta":[],"product_brand":[],"product_cat":[358,359,360],"product_tag":[],"class_list":{"0":"post-7161","1":"product","2":"type-product","3":"status-publish","4":"has-post-thumbnail","6":"product_cat-lavamoquette-chalet","7":"product_cat-lavamoquette-aziende","8":"product_cat-lavamoquette-casa-di-cura","10":"first","11":"instock","12":"virtual","13":"product-type-simple"},"_links":{"self":[{"href":"https:\/\/komag.it\/it\/wp-json\/wp\/v2\/product\/7161","targetHints":{"allow":["GET"]}}],"collection":[{"href":"https:\/\/komag.it\/it\/wp-json\/wp\/v2\/product"}],"about":[{"href":"https:\/\/komag.it\/it\/wp-json\/wp\/v2\/types\/product"}],"version-history":[{"count":0,"href":"https:\/\/komag.it\/it\/wp-json\/wp\/v2\/product\/7161\/revisions"}],"wp:featuredmedia":[{"embeddable":true,"href":"https:\/\/komag.it\/it\/wp-json\/wp\/v2\/media\/7335"}],"wp:attachment":[{"href":"https:\/\/komag.it\/it\/wp-json\/wp\/v2\/media?parent=7161"}],"wp:term":[{"taxonomy":"product_brand","embeddable":true,"href":"https:\/\/komag.it\/it\/wp-json\/wp\/v2\/product_brand?post=7161"},{"taxonomy":"product_cat","embeddable":true,"href":"https:\/\/komag.it\/it\/wp-json\/wp\/v2\/product_cat?post=7161"},{"taxonomy":"product_tag","embeddable":true,"href":"https:\/\/komag.it\/it\/wp-json\/wp\/v2\/product_tag?post=7161"}],"curies":[{"name":"wp","href":"https:\/\/api.w.org\/{rel}","templated":true}]}}