{"id":6846,"date":"2023-03-29T14:51:12","date_gmt":"2023-03-29T12:51:12","guid":{"rendered":"https:\/\/new.komag.it\/produkt\/baby-plus-plus-li-lithium\/"},"modified":"2023-03-29T14:51:12","modified_gmt":"2023-03-29T12:51:12","slug":"baby-plus-plus-li-lithium","status":"publish","type":"product","link":"https:\/\/komag.it\/it\/produkt\/baby-plus-plus-li-lithium\/","title":{"rendered":"BABY PLUS \/ PLUS LI"},"content":{"rendered":"<p>Macchina &#8220;Baby plus Li&#8221; con una spazzola, alimentata da una batteria al litio da 24 V 40 Ah5 e caricatore integrato, larghezza di lavoro 35 cm. Questa soluzione \u00e8 adatta per la pulizia di aree anche molto piccole, come uffici, negozi, officine, ristoranti, terrazze, piscine private e qualsiasi altra area con accesso limitato. Grazie alla potente batteria, la macchina offre un&#8217;autonomia di funzionamento di oltre due ore e pu\u00f2 poi essere collegata al caricabatterie tramite il cavo di alimentazione (20 m), che ricarica contemporaneamente le batterie. Il serbatoio dell&#8217;acqua sanitaria pu\u00f2 essere rimosso per lo svuotamento e la pulizia. Il robusto piede di aspirazione del modello &#8220;baby plus Li&#8221; \u00e8 realizzato con un processo di fusione ed \u00e8 dotato di un gommino di aspirazione che pu\u00f2 essere facilmente rimosso con una semplice chiusura ad alette. La guida regolabile pu\u00f2 essere ripiegata per il trasporto. Una volta scaricata l&#8217;acqua, la macchina pu\u00f2 essere posizionata su un fianco senza smontare alcuna parte, in modo da ridurre al minimo l&#8217;ingombro. In questa posizione, gli interventi sulla spazzola e sul piede di aspirazione sono molto semplificati.<\/p>\n<p>&nbsp;<\/p>\n<p>&#8211; Larghezza del piede di aspirazione: 41 cm<br \/>\n&#8211; Potenza di aspirazione: 90 mbar<br \/>\n&#8211; Peso: 53 kg<\/p>\n<p>&nbsp;<\/p>\n<p><a href=\"https:\/\/komag.it\/wp-content\/uploads\/2023\/03\/baby-plus-li.pdf\" target=\"_blank\" rel=\"noopener\"><strong>&gt; Scheda tecnica<\/strong><\/a><\/p>\n","protected":false},"excerpt":{"rendered":"<p>Macchina &#8220;Baby plus Li&#8221; con una spazzola, alimentata da una batteria al litio da 24 V 40 Ah5 e caricatore integrato, larghezza di lavoro 35 cm.<\/p>\n","protected":false},"featured_media":6172,"template":"","meta":[],"product_brand":[],"product_cat":[255,264,265,266,267,268,269,270,271,272,273,274,275],"product_tag":[],"class_list":{"0":"post-6846","1":"product","2":"type-product","3":"status-publish","4":"has-post-thumbnail","6":"product_cat-lavasciuga-pavimenti","7":"product_cat-lavasciuga-pavimenti-horeca","8":"product_cat-lavasciuga-pavimenti-edilizia","9":"product_cat-lavasciuga-pavimenti-aziende","10":"product_cat-lavasciuga-pavimenti-supermercati","11":"product_cat-lavasciuga-pavimenti-falegnameria","12":"product_cat-lavasciuga-pavimenti-agricultura","13":"product_cat-lavasciuga-pavimenti-fabbro","14":"product_cat-lavasciuga-pavimenti-sanitaria","15":"product_cat-lavasciuga-pavimenti-comunale","16":"product_cat-lavasciuga-pavimenti-casa-di-cura","17":"product_cat-lavasciuga-pavimenti-azienda-sanitaria","18":"product_cat-lavasciuga-pavimenti-scuole","20":"first","21":"instock","22":"virtual","23":"product-type-simple"},"_links":{"self":[{"href":"https:\/\/komag.it\/it\/wp-json\/wp\/v2\/product\/6846","targetHints":{"allow":["GET"]}}],"collection":[{"href":"https:\/\/komag.it\/it\/wp-json\/wp\/v2\/product"}],"about":[{"href":"https:\/\/komag.it\/it\/wp-json\/wp\/v2\/types\/product"}],"version-history":[{"count":0,"href":"https:\/\/komag.it\/it\/wp-json\/wp\/v2\/product\/6846\/revisions"}],"wp:featuredmedia":[{"embeddable":true,"href":"https:\/\/komag.it\/it\/wp-json\/wp\/v2\/media\/6172"}],"wp:attachment":[{"href":"https:\/\/komag.it\/it\/wp-json\/wp\/v2\/media?parent=6846"}],"wp:term":[{"taxonomy":"product_brand","embeddable":true,"href":"https:\/\/komag.it\/it\/wp-json\/wp\/v2\/product_brand?post=6846"},{"taxonomy":"product_cat","embeddable":true,"href":"https:\/\/komag.it\/it\/wp-json\/wp\/v2\/product_cat?post=6846"},{"taxonomy":"product_tag","embeddable":true,"href":"https:\/\/komag.it\/it\/wp-json\/wp\/v2\/product_tag?post=6846"}],"curies":[{"name":"wp","href":"https:\/\/api.w.org\/{rel}","templated":true}]}}