{"id":6841,"date":"2023-03-29T14:51:12","date_gmt":"2023-03-29T12:51:12","guid":{"rendered":"https:\/\/new.komag.it\/produkt\/motor-scrubber-jet\/"},"modified":"2023-03-29T14:51:12","modified_gmt":"2023-03-29T12:51:12","slug":"motor-scrubber-jet","status":"publish","type":"product","link":"https:\/\/komag.it\/it\/produkt\/motor-scrubber-jet\/","title":{"rendered":"Motor Scrubber Jet"},"content":{"rendered":"<p>Trasportare un secchio di soluzione, ovunque sia necessario pulire pu\u00f2 essere tedioso, difficile e dispendioso in termini di tempo, con maggiori possibilit\u00e0 di fuoriuscite e di uso eccessivo di soluzione. Jet risolve questo problema, l\u2019iniezione chimica integrata ti offre un\u2019incredibile pulizia fino a 3m di altezza. Ora puoi spruzzare solo la quantit\u00e0 di sostanza chimica di cui hai bisogno, quando ne hai bisogno. Vantando tutte le funzionalit\u00e0 MS2000 con funzione spray aggiuntiva elimina completamente la necessit\u00e0 di un secchio separato con prodotti chimici. Il semplice sistema di dosaggio con sostanze chimiche superconcentrate ti permette di non sprecare la soluzione garantendo fino a 40m2 di performance di pulizia. La soluzione viene erogata attraverso la pompa ad alta pressione direttamente sulla testina di lavaggio, rompendo lo sporco. Rimuovere quindi i residui di sporco per ottenere superfici fresche e brillanti. Per la libert\u00e0 di pulire ovunque e per aumentare la velocit\u00e0 di pulizia, scegli Jet.<\/p>\n<p>\u2022 larghezza di lavoro: 18 cm<br \/>\n\u2022 Batteria: 12 V \/ 7 Ah<br \/>\n\u2022 Batteria max: 4 h<\/p>\n<p><a href=\"https:\/\/komag.it\/wp-content\/uploads\/2023\/03\/datenblatt-scrubber.pdf\" target=\"_blank\" rel=\"noopener\"><strong>&gt; Scheda tecnica<\/strong><\/a><\/p>\n","protected":false},"excerpt":{"rendered":"<p>Trasportare un secchio di soluzione, ovunque sia necessario pulire pu\u00f2 essere tedioso, difficile e dispendioso in termini di tempo, con maggiori possibilit\u00e0 di fuoriuscite e di uso eccessivo di soluzione. Jet risolve questo problema, l\u2019iniezione chimica integrata ti offre un\u2019incredibile pulizia fino a 3m di altezza. Ora puoi spruzzare solo la quantit\u00e0 di sostanza chimica [&hellip;]<\/p>\n","protected":false},"featured_media":6333,"template":"","meta":[],"product_brand":[],"product_cat":[255,264,265,266,267,268,269,270,271,272,273,274,275],"product_tag":[],"class_list":{"0":"post-6841","1":"product","2":"type-product","3":"status-publish","4":"has-post-thumbnail","6":"product_cat-lavasciuga-pavimenti","7":"product_cat-lavasciuga-pavimenti-horeca","8":"product_cat-lavasciuga-pavimenti-edilizia","9":"product_cat-lavasciuga-pavimenti-aziende","10":"product_cat-lavasciuga-pavimenti-supermercati","11":"product_cat-lavasciuga-pavimenti-falegnameria","12":"product_cat-lavasciuga-pavimenti-agricultura","13":"product_cat-lavasciuga-pavimenti-fabbro","14":"product_cat-lavasciuga-pavimenti-sanitaria","15":"product_cat-lavasciuga-pavimenti-comunale","16":"product_cat-lavasciuga-pavimenti-casa-di-cura","17":"product_cat-lavasciuga-pavimenti-azienda-sanitaria","18":"product_cat-lavasciuga-pavimenti-scuole","20":"first","21":"instock","22":"virtual","23":"product-type-simple"},"_links":{"self":[{"href":"https:\/\/komag.it\/it\/wp-json\/wp\/v2\/product\/6841","targetHints":{"allow":["GET"]}}],"collection":[{"href":"https:\/\/komag.it\/it\/wp-json\/wp\/v2\/product"}],"about":[{"href":"https:\/\/komag.it\/it\/wp-json\/wp\/v2\/types\/product"}],"version-history":[{"count":0,"href":"https:\/\/komag.it\/it\/wp-json\/wp\/v2\/product\/6841\/revisions"}],"wp:featuredmedia":[{"embeddable":true,"href":"https:\/\/komag.it\/it\/wp-json\/wp\/v2\/media\/6333"}],"wp:attachment":[{"href":"https:\/\/komag.it\/it\/wp-json\/wp\/v2\/media?parent=6841"}],"wp:term":[{"taxonomy":"product_brand","embeddable":true,"href":"https:\/\/komag.it\/it\/wp-json\/wp\/v2\/product_brand?post=6841"},{"taxonomy":"product_cat","embeddable":true,"href":"https:\/\/komag.it\/it\/wp-json\/wp\/v2\/product_cat?post=6841"},{"taxonomy":"product_tag","embeddable":true,"href":"https:\/\/komag.it\/it\/wp-json\/wp\/v2\/product_tag?post=6841"}],"curies":[{"name":"wp","href":"https:\/\/api.w.org\/{rel}","templated":true}]}}