{"id":6840,"date":"2023-03-29T14:51:11","date_gmt":"2023-03-29T12:51:11","guid":{"rendered":"https:\/\/new.komag.it\/produkt\/coral-65-m\/"},"modified":"2023-09-13T11:37:13","modified_gmt":"2023-09-13T09:37:13","slug":"coral-65-m","status":"publish","type":"product","link":"https:\/\/komag.it\/it\/produkt\/coral-65-m\/","title":{"rendered":"CORAL 65 M"},"content":{"rendered":"<p>Lavasciuga con operatore a bordo, compatta e molto maneggevole, il gruppo lavante \u00e8 a due spazzole controrotanti con larghezza di lavoro di 65 cm, il tergipavimento pur essendo molto corto garantisce una perfetta asciugatura in qualsiasi situazione. I serbatoi in polietilene di grande spessore hanno capacit\u00e0 di 100 litri di soluzione detergente. La macchina lavora con tensione 24V, il pacco batterie ha una capacit\u00e0 massima di 240 Ah(5), garantendo cos\u00ec una autonomia di lavoro di circa 4 ore. Il posto di guida \u00e8 ergonomico, con comandi presso-digitali e display che segnala il tipo di batteria ed il suo livello di carica, il valore della pressione impostata per il gruppo spazzole ed il totale delle ore lavorate.<\/p>\n<p>&nbsp;<\/p>\n<p><a href=\"https:\/\/komag.it\/wp-content\/uploads\/2023\/03\/coral65mde-12553.pdf\" target=\"_blank\" rel=\"noopener\"><strong>&gt; Scheda tecnica<\/strong><\/a><\/p>\n","protected":false},"excerpt":{"rendered":"<p>Lavasciuga con operatore a bordo, compatta e molto maneggevole, il gruppo lavante \u00e8 a due spazzole controrotanti con larghezza di lavoro di 65 cm, il tergipavimento pur essendo molto corto garantisce una perfetta asciugatura in qualsiasi situazione. I serbatoi in polietilene di grande spessore hanno capacit\u00e0 di 100 litri di soluzione detergente. La macchina lavora [&hellip;]<\/p>\n","protected":false},"featured_media":5931,"template":"","meta":[],"product_brand":[],"product_cat":[276,277,278,279,280,281,282,283],"product_tag":[],"class_list":{"0":"post-6840","1":"product","2":"type-product","3":"status-publish","4":"has-post-thumbnail","6":"product_cat-lavasciuga-uomo-a-bordo-hotel","7":"product_cat-lavasciuga-uomo-a-bordo-edilizia","8":"product_cat-lavasciuga-uomo-a-bordo-mercati","9":"product_cat-lavasciuga-uomo-a-bordo-industria","10":"product_cat-lavasciuga-uomo-a-bordo-agricultura","11":"product_cat-lavasciuga-uomo-a-bordo-riciclaggio","12":"product_cat-lavasciuga-uomo-a-bordo-comunale","13":"product_cat-lavasciuga-uomo-a-bordo-azienda-sanitaria","15":"first","16":"instock","17":"virtual","18":"product-type-simple"},"_links":{"self":[{"href":"https:\/\/komag.it\/it\/wp-json\/wp\/v2\/product\/6840","targetHints":{"allow":["GET"]}}],"collection":[{"href":"https:\/\/komag.it\/it\/wp-json\/wp\/v2\/product"}],"about":[{"href":"https:\/\/komag.it\/it\/wp-json\/wp\/v2\/types\/product"}],"version-history":[{"count":0,"href":"https:\/\/komag.it\/it\/wp-json\/wp\/v2\/product\/6840\/revisions"}],"wp:featuredmedia":[{"embeddable":true,"href":"https:\/\/komag.it\/it\/wp-json\/wp\/v2\/media\/5931"}],"wp:attachment":[{"href":"https:\/\/komag.it\/it\/wp-json\/wp\/v2\/media?parent=6840"}],"wp:term":[{"taxonomy":"product_brand","embeddable":true,"href":"https:\/\/komag.it\/it\/wp-json\/wp\/v2\/product_brand?post=6840"},{"taxonomy":"product_cat","embeddable":true,"href":"https:\/\/komag.it\/it\/wp-json\/wp\/v2\/product_cat?post=6840"},{"taxonomy":"product_tag","embeddable":true,"href":"https:\/\/komag.it\/it\/wp-json\/wp\/v2\/product_tag?post=6840"}],"curies":[{"name":"wp","href":"https:\/\/api.w.org\/{rel}","templated":true}]}}