{"id":6838,"date":"2023-03-29T14:51:11","date_gmt":"2023-03-29T12:51:11","guid":{"rendered":"https:\/\/new.komag.it\/produkt\/scrubmaster-b-120\/"},"modified":"2023-09-13T11:38:01","modified_gmt":"2023-09-13T09:38:01","slug":"scrubmaster-b-120","status":"publish","type":"product","link":"https:\/\/komag.it\/it\/produkt\/scrubmaster-b-120\/","title":{"rendered":"SCRUBMASTER B 120"},"content":{"rendered":"<p>Prestazione aumentata di area e manovrabilit\u00e0 superiore: Lo Scrubmaster B120 R \u00e8 stato destinato per incontrare pi\u00f9 molta richiesta quando si tratta dei centri commerciali di pulizia, corridoi di produzione ed altamente ha frequentato le costruzioni quali le stazioni ferroviarie e gli aeroporti. Con la sua capacit\u00e0 del carro armato disponibili di 120 litri combinati con l\u2019alta prestazione operativa e di quattro larghezze di lavoro differenti, la macchina permette alla pulizia veloce ed efficiente di grandi e aree di medie dimensioni. Inoltre, le sue dimensioni compatte e un angolo di direzione da 90 gradi rendono lo Scrubmaster altamente manovrabile e flessibile in uso. La macchina pu\u00f2 essere fornita delle spazzole cilindriche o del disco, che concede adattare la configurazione per soddisfare le diverse richieste di pulizia. Lo Scrubmaster B120 R fornisce un posto di lavoro perfetto per l\u2019operatore: progettato ergonomicamente e fornito dei dettagli tecnici specializzati che assicurano il funzionamento efficiente. Hako \u2013 idee innovarici che ripagano nella routine quotidiana del lavoro.<\/p>\n<p>&nbsp;<\/p>\n<p><a href=\"https:\/\/komag.it\/wp-content\/uploads\/2023\/03\/b120-scrubmaster.pdf\" target=\"_blank\" rel=\"noopener\"><strong>&gt; Scheda tecnica<\/strong><\/a><\/p>\n","protected":false},"excerpt":{"rendered":"<p>Prestazione aumentata di area e manovrabilit\u00e0 superiore: Lo Scrubmaster B120 R \u00e8 stato destinato per incontrare pi\u00f9 molta richiesta quando si tratta dei centri commerciali di pulizia, corridoi di produzione ed altamente ha frequentato le costruzioni quali le stazioni ferroviarie e gli aeroporti. Con la sua capacit\u00e0 del carro armato disponibili di 120 litri combinati [&hellip;]<\/p>\n","protected":false},"featured_media":5937,"template":"","meta":[],"product_brand":[],"product_cat":[276,277,278,279,280,281,282,283],"product_tag":[],"class_list":{"0":"post-6838","1":"product","2":"type-product","3":"status-publish","4":"has-post-thumbnail","6":"product_cat-lavasciuga-uomo-a-bordo-hotel","7":"product_cat-lavasciuga-uomo-a-bordo-edilizia","8":"product_cat-lavasciuga-uomo-a-bordo-mercati","9":"product_cat-lavasciuga-uomo-a-bordo-industria","10":"product_cat-lavasciuga-uomo-a-bordo-agricultura","11":"product_cat-lavasciuga-uomo-a-bordo-riciclaggio","12":"product_cat-lavasciuga-uomo-a-bordo-comunale","13":"product_cat-lavasciuga-uomo-a-bordo-azienda-sanitaria","15":"first","16":"instock","17":"virtual","18":"product-type-simple"},"_links":{"self":[{"href":"https:\/\/komag.it\/it\/wp-json\/wp\/v2\/product\/6838","targetHints":{"allow":["GET"]}}],"collection":[{"href":"https:\/\/komag.it\/it\/wp-json\/wp\/v2\/product"}],"about":[{"href":"https:\/\/komag.it\/it\/wp-json\/wp\/v2\/types\/product"}],"version-history":[{"count":0,"href":"https:\/\/komag.it\/it\/wp-json\/wp\/v2\/product\/6838\/revisions"}],"wp:featuredmedia":[{"embeddable":true,"href":"https:\/\/komag.it\/it\/wp-json\/wp\/v2\/media\/5937"}],"wp:attachment":[{"href":"https:\/\/komag.it\/it\/wp-json\/wp\/v2\/media?parent=6838"}],"wp:term":[{"taxonomy":"product_brand","embeddable":true,"href":"https:\/\/komag.it\/it\/wp-json\/wp\/v2\/product_brand?post=6838"},{"taxonomy":"product_cat","embeddable":true,"href":"https:\/\/komag.it\/it\/wp-json\/wp\/v2\/product_cat?post=6838"},{"taxonomy":"product_tag","embeddable":true,"href":"https:\/\/komag.it\/it\/wp-json\/wp\/v2\/product_tag?post=6838"}],"curies":[{"name":"wp","href":"https:\/\/api.w.org\/{rel}","templated":true}]}}