{"id":6831,"date":"2023-03-29T14:18:29","date_gmt":"2023-03-29T12:18:29","guid":{"rendered":"https:\/\/new.komag.it\/produkt\/cleanfix-ds-8\/"},"modified":"2023-03-29T14:18:29","modified_gmt":"2023-03-29T12:18:29","slug":"cleanfix-ds-8","status":"publish","type":"product","link":"https:\/\/komag.it\/it\/produkt\/cleanfix-ds-8\/","title":{"rendered":"CLEANFIX DS 8"},"content":{"rendered":"<p>Il generatore di vapore DS 8 \u00e8 particolarmente impressionante nel settore commerciale con le sue alte prestazioni e la sua enorme capacit\u00e0. Il principio \u00e8 semplice \u2013 generatore vapore e aspirapolvere in un\u2019unica operazione \u2013 garantisce risultati di pulizia di prima classe. Anche lo sporco pi\u00f9 ostinato pu\u00f2 essere rimosso con molto meno detersivo e consente di lavorare senza fatica e in modo efficiente. Inoltre, l\u2019ambiente \u00e8 meno inquinato.<\/p>\n<p>\u2022 massima potenza 6000 w<br \/>\n\u2022 Vakkum 210 mbar<br \/>\n\u2022 Volume serbatoio acqua pulita 6,5 lt<br \/>\n\u2022 Volume serbatoio acqua sporca 11 lt.<br \/>\n\u2022 peso: 21 kg<\/p>\n<p>&nbsp;<\/p>\n<p><a href=\"https:\/\/komag.it\/wp-content\/uploads\/2023\/03\/ds8.pdf\" target=\"_blank\" rel=\"noopener\"><strong>&gt; Scheda tecnica<\/strong><\/a><\/p>\n","protected":false},"excerpt":{"rendered":"<p>Il generatore di vapore DS 8 \u00e8 particolarmente impressionante nel settore commerciale con le sue alte prestazioni e la sua enorme capacit\u00e0. Il principio \u00e8 semplice \u2013 generatore vapore e aspirapolvere in un\u2019unica operazione \u2013 garantisce risultati di pulizia di prima classe. Anche lo sporco pi\u00f9 ostinato pu\u00f2 essere rimosso con molto meno detersivo e [&hellip;]<\/p>\n","protected":false},"featured_media":6167,"template":"","meta":[],"product_brand":[],"product_cat":[257,323,324,325,326,327,328,329,330],"product_tag":[],"class_list":{"0":"post-6831","1":"product","2":"type-product","3":"status-publish","4":"has-post-thumbnail","6":"product_cat-generatore-di-vapori-gastronomia","7":"product_cat-generatore-vapori-hotel","8":"product_cat-generatore-vapori-aziende","9":"product_cat-generatore-vapori-centro-commerciali","10":"product_cat-generatore-vapori-medicina","11":"product_cat-generatore-vapori-casa-di-cura","12":"product_cat-generatore-vapori-casa","13":"product_cat-generatore-vapori-azienda-sanitaria","14":"product_cat-generatore-vapori-scuole","16":"first","17":"instock","18":"virtual","19":"product-type-simple"},"_links":{"self":[{"href":"https:\/\/komag.it\/it\/wp-json\/wp\/v2\/product\/6831","targetHints":{"allow":["GET"]}}],"collection":[{"href":"https:\/\/komag.it\/it\/wp-json\/wp\/v2\/product"}],"about":[{"href":"https:\/\/komag.it\/it\/wp-json\/wp\/v2\/types\/product"}],"version-history":[{"count":0,"href":"https:\/\/komag.it\/it\/wp-json\/wp\/v2\/product\/6831\/revisions"}],"wp:featuredmedia":[{"embeddable":true,"href":"https:\/\/komag.it\/it\/wp-json\/wp\/v2\/media\/6167"}],"wp:attachment":[{"href":"https:\/\/komag.it\/it\/wp-json\/wp\/v2\/media?parent=6831"}],"wp:term":[{"taxonomy":"product_brand","embeddable":true,"href":"https:\/\/komag.it\/it\/wp-json\/wp\/v2\/product_brand?post=6831"},{"taxonomy":"product_cat","embeddable":true,"href":"https:\/\/komag.it\/it\/wp-json\/wp\/v2\/product_cat?post=6831"},{"taxonomy":"product_tag","embeddable":true,"href":"https:\/\/komag.it\/it\/wp-json\/wp\/v2\/product_tag?post=6831"}],"curies":[{"name":"wp","href":"https:\/\/api.w.org\/{rel}","templated":true}]}}