{"id":6824,"date":"2023-03-29T14:51:12","date_gmt":"2023-03-29T12:51:12","guid":{"rendered":"https:\/\/new.komag.it\/produkt\/ruby-48e\/"},"modified":"2023-09-13T10:21:46","modified_gmt":"2023-09-13T08:21:46","slug":"ruby-48e","status":"publish","type":"product","link":"https:\/\/komag.it\/it\/produkt\/ruby-48e\/","title":{"rendered":"RUBY 48e"},"content":{"rendered":"<p>\u00c8 la versione della serie bl alimentata a cavo con corpo lavante monospazzola avente larghezza di lavoro di 48,5 cm. Vi \u00e8 la possibilit\u00e0 di regolare l\u2019inclinazione della spazzola in modo che dia un aiuto di trazione all\u2019operatore Questa versione monospazzola \u00e8 dotata del dispositivo di aggancio\/sgancio automatico della spazzola senza intervento manuale, ed \u00e8 particolarmente adatta ai piccoli ambienti all\u2019interno di ospedali, scuole e quindi dove \u00e8 indispensabile una frequente sanificazione della spazzola. \u00c8 inoltre indicata dove tali ambienti sono liberi da ingombri e dove la presenza del cavo elettrico di alimentazione non costituisce un ostacolo allo svolgimento del lavoro. \u2013<\/p>\n<p>\u2022 larghezza di lavoro: 77 cm<br \/>\n\u2022 110 mbar<br \/>\n\u2022 peso: 70 kg<\/p>\n<p>&nbsp;<\/p>\n<p><a href=\"https:\/\/komag.it\/wp-content\/uploads\/2023\/09\/ruby48e.pdf\" target=\"_blank\" rel=\"noopener\"><strong>&gt; Scheda tecnica<\/strong><\/a><\/p>\n","protected":false},"excerpt":{"rendered":"<p>\u00c8 la versione della serie bl alimentata a cavo con corpo lavante monospazzola avente larghezza di lavoro di 48,5 cm. Vi \u00e8 la possibilit\u00e0 di regolare l\u2019inclinazione della spazzola in modo che dia un aiuto di trazione all\u2019operatore Questa versione monospazzola \u00e8 dotata del dispositivo di aggancio\/sgancio automatico della spazzola senza intervento manuale, ed \u00e8 [&hellip;]<\/p>\n","protected":false},"featured_media":6174,"template":"","meta":[],"product_brand":[],"product_cat":[255,264,265,266,267,268,269,270,271,272,273,274,275],"product_tag":[],"class_list":{"0":"post-6824","1":"product","2":"type-product","3":"status-publish","4":"has-post-thumbnail","6":"product_cat-lavasciuga-pavimenti","7":"product_cat-lavasciuga-pavimenti-horeca","8":"product_cat-lavasciuga-pavimenti-edilizia","9":"product_cat-lavasciuga-pavimenti-aziende","10":"product_cat-lavasciuga-pavimenti-supermercati","11":"product_cat-lavasciuga-pavimenti-falegnameria","12":"product_cat-lavasciuga-pavimenti-agricultura","13":"product_cat-lavasciuga-pavimenti-fabbro","14":"product_cat-lavasciuga-pavimenti-sanitaria","15":"product_cat-lavasciuga-pavimenti-comunale","16":"product_cat-lavasciuga-pavimenti-casa-di-cura","17":"product_cat-lavasciuga-pavimenti-azienda-sanitaria","18":"product_cat-lavasciuga-pavimenti-scuole","20":"first","21":"instock","22":"virtual","23":"product-type-simple"},"_links":{"self":[{"href":"https:\/\/komag.it\/it\/wp-json\/wp\/v2\/product\/6824","targetHints":{"allow":["GET"]}}],"collection":[{"href":"https:\/\/komag.it\/it\/wp-json\/wp\/v2\/product"}],"about":[{"href":"https:\/\/komag.it\/it\/wp-json\/wp\/v2\/types\/product"}],"version-history":[{"count":0,"href":"https:\/\/komag.it\/it\/wp-json\/wp\/v2\/product\/6824\/revisions"}],"wp:featuredmedia":[{"embeddable":true,"href":"https:\/\/komag.it\/it\/wp-json\/wp\/v2\/media\/6174"}],"wp:attachment":[{"href":"https:\/\/komag.it\/it\/wp-json\/wp\/v2\/media?parent=6824"}],"wp:term":[{"taxonomy":"product_brand","embeddable":true,"href":"https:\/\/komag.it\/it\/wp-json\/wp\/v2\/product_brand?post=6824"},{"taxonomy":"product_cat","embeddable":true,"href":"https:\/\/komag.it\/it\/wp-json\/wp\/v2\/product_cat?post=6824"},{"taxonomy":"product_tag","embeddable":true,"href":"https:\/\/komag.it\/it\/wp-json\/wp\/v2\/product_tag?post=6824"}],"curies":[{"name":"wp","href":"https:\/\/api.w.org\/{rel}","templated":true}]}}