{"id":6820,"date":"2023-03-30T17:15:56","date_gmt":"2023-03-30T15:15:56","guid":{"rendered":"https:\/\/new.komag.it\/produkt\/rotowash-r45-s\/"},"modified":"2023-03-30T17:15:56","modified_gmt":"2023-03-30T15:15:56","slug":"rotowash-r45-s","status":"publish","type":"product","link":"https:\/\/komag.it\/it\/produkt\/rotowash-r45-s\/","title":{"rendered":"ROTOWASH R45 S"},"content":{"rendered":"<p>La lavapavimenti Rotowash R45T \u00e8 la macchina pi\u00f9 grande della serie FLEX. Per le sue prestazioni \u00e8 adatta al trattamento di superfici medio\/grandi in ambito professionale e per questo \u00e8 molto richiesta nel settore Ho.Re.Ca (Hotel, ristorazione, bar e caffetterie). L\u2019utilizzo di R45T \u00e8 semplice ed intuitivo, non occorre particolare preparazione.<\/p>\n<p>Grazie a Rotowash R45T, la pulizia di cucine, stanze e corridoi di hotel, sale di ristorazione diventa semplice e rapida, riducendo significativamente i tempi di rispristino dei locali, elemento determinante per fornire alla propria clientela un servizio impeccabile e senza attese. Con diversi tipi di spazzole di facile sotituzione, Rotowash R45T pulisce perfettamente ogni superficie utilizzando prevalentemente acqua e riducendo al minimo l\u2019impiego di detergenti chimici, con vantaggio economico e ambientale. L\u2019interruttore termico di protezione motore e il sistema di sicurezza OPC (Controllo Presenza Operatore), che arresta la lavapavimenti nel caso il manico venga rilasciato accidentalmente, garantiscono la sicurezza degli operatori.<\/p>\n<p>&nbsp;<\/p>\n<p><a href=\"https:\/\/komag.it\/wp-content\/uploads\/2023\/03\/r45.pdf\" target=\"_blank\" rel=\"noopener\"><strong>&gt; Informazioni<\/strong><\/a><\/p>\n","protected":false},"excerpt":{"rendered":"<p>La lavapavimenti Rotowash R45T \u00e8 la macchina pi\u00f9 grande della serie FLEX. Per le sue prestazioni \u00e8 adatta al trattamento di superfici medio\/grandi in ambito professionale e per questo \u00e8 molto richiesta nel settore Ho.Re.Ca (Hotel, ristorazione, bar e caffetterie). L\u2019utilizzo di R45T \u00e8 semplice ed intuitivo, non occorre particolare preparazione. Grazie a Rotowash R45T, [&hellip;]<\/p>\n","protected":false},"featured_media":6004,"template":"","meta":[],"product_brand":[],"product_cat":[256,309,310,311,312,313,314],"product_tag":[],"class_list":{"0":"post-6820","1":"product","2":"type-product","3":"status-publish","4":"has-post-thumbnail","6":"product_cat-macchine-spazzole-controrotanti-gastornomia","7":"product_cat-macchine-spazzole-controrotanti-hotel","8":"product_cat-macchine-spazzole-controrotanti-azienda","9":"product_cat-macchine-spazzole-controrotanti-negozio","10":"product_cat-macchine-spazzole-controrotanti-casa-di-cura","11":"product_cat-macchine-spazzole-controrotanti-azienda-sanitaria","12":"product_cat-macchine-spazzole-controrotanti-scuole","14":"first","15":"instock","16":"virtual","17":"product-type-simple"},"_links":{"self":[{"href":"https:\/\/komag.it\/it\/wp-json\/wp\/v2\/product\/6820","targetHints":{"allow":["GET"]}}],"collection":[{"href":"https:\/\/komag.it\/it\/wp-json\/wp\/v2\/product"}],"about":[{"href":"https:\/\/komag.it\/it\/wp-json\/wp\/v2\/types\/product"}],"version-history":[{"count":0,"href":"https:\/\/komag.it\/it\/wp-json\/wp\/v2\/product\/6820\/revisions"}],"wp:featuredmedia":[{"embeddable":true,"href":"https:\/\/komag.it\/it\/wp-json\/wp\/v2\/media\/6004"}],"wp:attachment":[{"href":"https:\/\/komag.it\/it\/wp-json\/wp\/v2\/media?parent=6820"}],"wp:term":[{"taxonomy":"product_brand","embeddable":true,"href":"https:\/\/komag.it\/it\/wp-json\/wp\/v2\/product_brand?post=6820"},{"taxonomy":"product_cat","embeddable":true,"href":"https:\/\/komag.it\/it\/wp-json\/wp\/v2\/product_cat?post=6820"},{"taxonomy":"product_tag","embeddable":true,"href":"https:\/\/komag.it\/it\/wp-json\/wp\/v2\/product_tag?post=6820"}],"curies":[{"name":"wp","href":"https:\/\/api.w.org\/{rel}","templated":true}]}}