{"id":6814,"date":"2023-03-29T13:36:57","date_gmt":"2023-03-29T11:36:57","guid":{"rendered":"https:\/\/new.komag.it\/produkt\/hako-sweepmaster-p-b-900-r\/"},"modified":"2023-09-13T10:11:27","modified_gmt":"2023-09-13T08:11:27","slug":"hako-sweepmaster-p-b-900-r","status":"publish","type":"product","link":"https:\/\/komag.it\/it\/produkt\/hako-sweepmaster-p-b-900-r\/","title":{"rendered":"HAKO SWEEPMASTER P\/B 900 R"},"content":{"rendered":"<p>La Sweepmaster 900 R rappresenta il massimo rilultato innovativo delle spazzatrici di ultima generazione Hako. Moderna ed ergonomica, garantisce un ottimo risultato di pulizia senza alcuno sforzo da parte dell\u2019operatore. Il design robusto e la qualit\u00e0 dei materiali impiegati sono sinonimo di longevit\u00e0 e continuit\u00e0 di prestazione nel tempo. La manutenzione si effettua senza l\u2019utlizzo di attrezzi, l\u2019operatore potr\u00e0 regolare le spazzole e\/o sostituirle, quando necessario, senza dover richiedere l\u2019intervento di un tecnico. Piccola, efficace, ergonomica. Copertura oraria (m2\/h): 5700<\/p>\n<p>\u2022 alteriori informazioni le trova nella scheda tecnica<\/p>\n<p>&nbsp;<\/p>\n<p><strong><a href=\"https:\/\/komag.it\/wp-content\/uploads\/2023\/09\/900r.pdf\" target=\"_blank\" rel=\"noopener\">&gt; Scheda tecnica<\/a><\/strong><\/p>\n","protected":false},"excerpt":{"rendered":"<p><strong><a href=\"https:\/\/komag.it\/wp-content\/uploads\/2023\/09\/900r.pdf\" target=\"_blank\" rel=\"noopener\">&gt; Scheda tecnica<\/a><\/strong><\/p>\n","protected":false},"featured_media":6156,"template":"","meta":[],"product_brand":[],"product_cat":[315,316,317,318,319,320,321,322],"product_tag":[],"class_list":{"0":"post-6814","1":"product","2":"type-product","3":"status-publish","4":"has-post-thumbnail","6":"product_cat-spazzatrici-uomo-a-bordo-hotel","7":"product_cat-spazzatrici-uomo-a-bordo-edilizia","8":"product_cat-spazzatrici-uomo-a-bordo-centro-commerciale","9":"product_cat-spazzatrici-uomo-a-bordo-magazzino","10":"product_cat-spazzatrici-uomo-a-bordo-agricoltura","11":"product_cat-spazzatrici-uomo-a-bordo-riciclaggio","12":"product_cat-spazzatrici-uomo-a-bordo-comunale","13":"product_cat-spazzatrici-uomo-a-bordo-azienda-sanitaria","15":"first","16":"instock","17":"virtual","18":"product-type-simple"},"_links":{"self":[{"href":"https:\/\/komag.it\/it\/wp-json\/wp\/v2\/product\/6814","targetHints":{"allow":["GET"]}}],"collection":[{"href":"https:\/\/komag.it\/it\/wp-json\/wp\/v2\/product"}],"about":[{"href":"https:\/\/komag.it\/it\/wp-json\/wp\/v2\/types\/product"}],"version-history":[{"count":0,"href":"https:\/\/komag.it\/it\/wp-json\/wp\/v2\/product\/6814\/revisions"}],"wp:featuredmedia":[{"embeddable":true,"href":"https:\/\/komag.it\/it\/wp-json\/wp\/v2\/media\/6156"}],"wp:attachment":[{"href":"https:\/\/komag.it\/it\/wp-json\/wp\/v2\/media?parent=6814"}],"wp:term":[{"taxonomy":"product_brand","embeddable":true,"href":"https:\/\/komag.it\/it\/wp-json\/wp\/v2\/product_brand?post=6814"},{"taxonomy":"product_cat","embeddable":true,"href":"https:\/\/komag.it\/it\/wp-json\/wp\/v2\/product_cat?post=6814"},{"taxonomy":"product_tag","embeddable":true,"href":"https:\/\/komag.it\/it\/wp-json\/wp\/v2\/product_tag?post=6814"}],"curies":[{"name":"wp","href":"https:\/\/api.w.org\/{rel}","templated":true}]}}