{"id":6804,"date":"2023-03-31T11:11:35","date_gmt":"2023-03-31T09:11:35","guid":{"rendered":"https:\/\/new.komag.it\/produkt\/cleanfix-powerdisc\/"},"modified":"2023-03-31T11:11:35","modified_gmt":"2023-03-31T09:11:35","slug":"cleanfix-powerdisc","status":"publish","type":"product","link":"https:\/\/komag.it\/it\/produkt\/cleanfix-powerdisc\/","title":{"rendered":"CLEANFIX PowerDisc"},"content":{"rendered":"<p>Una macchina dall\u2019 equilibrio ottimale, facile da manovrare grazie alla posizione decentrata anteriore del motore d\u2019azionamento. Carello robusto con ruote di trasporto di grandi demensioni per un agevole passaggio su scale. La trasmissione a cinghia ad elevato momento torcente consente alla macchina un assetto di lavoro molto pi\u00f9 silenzioso e senza vibrazioni. La trasmissione della forza \u00e8 garantita anche alle prestazioni di potenza pi\u00f9 elevate.<\/p>\n","protected":false},"excerpt":{"rendered":"<p>Una macchina dall\u2019 equilibrio ottimale, facile da manovrare grazie alla posizione decentrata anteriore del motore d\u2019azionamento. Carello robusto con ruote di trasporto di grandi demensioni per un agevole passaggio su scale. La trasmissione a cinghia ad elevato momento torcente consente alla macchina un assetto di lavoro molto pi\u00f9 silenzioso e senza vibrazioni. La trasmissione della [&hellip;]<\/p>\n","protected":false},"featured_media":6015,"template":"","meta":[],"product_brand":[],"product_cat":[258,302,303,304,305,306,307],"product_tag":[],"class_list":{"0":"post-6804","1":"product","2":"type-product","3":"status-publish","4":"has-post-thumbnail","6":"product_cat-monospazzole-gastronomia","7":"product_cat-monospazzole-hotel","8":"product_cat-monospazzole-aziende","9":"product_cat-monospazzole-negozio","10":"product_cat-monospazzole-casa-di-cura","11":"product_cat-monospazzole-azienda-sanitaria","12":"product_cat-monospazzole-scuole","14":"first","15":"instock","16":"virtual","17":"product-type-simple"},"_links":{"self":[{"href":"https:\/\/komag.it\/it\/wp-json\/wp\/v2\/product\/6804","targetHints":{"allow":["GET"]}}],"collection":[{"href":"https:\/\/komag.it\/it\/wp-json\/wp\/v2\/product"}],"about":[{"href":"https:\/\/komag.it\/it\/wp-json\/wp\/v2\/types\/product"}],"version-history":[{"count":0,"href":"https:\/\/komag.it\/it\/wp-json\/wp\/v2\/product\/6804\/revisions"}],"wp:featuredmedia":[{"embeddable":true,"href":"https:\/\/komag.it\/it\/wp-json\/wp\/v2\/media\/6015"}],"wp:attachment":[{"href":"https:\/\/komag.it\/it\/wp-json\/wp\/v2\/media?parent=6804"}],"wp:term":[{"taxonomy":"product_brand","embeddable":true,"href":"https:\/\/komag.it\/it\/wp-json\/wp\/v2\/product_brand?post=6804"},{"taxonomy":"product_cat","embeddable":true,"href":"https:\/\/komag.it\/it\/wp-json\/wp\/v2\/product_cat?post=6804"},{"taxonomy":"product_tag","embeddable":true,"href":"https:\/\/komag.it\/it\/wp-json\/wp\/v2\/product_tag?post=6804"}],"curies":[{"name":"wp","href":"https:\/\/api.w.org\/{rel}","templated":true}]}}