{"id":6743,"date":"2023-04-03T15:48:48","date_gmt":"2023-04-03T13:48:48","guid":{"rendered":"https:\/\/new.komag.it\/produkt\/i-mop-lite\/"},"modified":"2023-09-25T13:57:57","modified_gmt":"2023-09-25T11:57:57","slug":"i-mop-lite","status":"publish","type":"product","link":"https:\/\/komag.it\/it\/produkt\/i-mop-lite\/","title":{"rendered":"i-mop Lite"},"content":{"rendered":"<p>Komag \u00e8 un partner ufficiale di i-Range, numerosi corsi di formazione ci permettono di sviluppare ulteriormente i nostri prodotti. Approfitta della nostra esperienza.<br \/>\ni-mop Lite, pi\u00f9 leggera di i-mop XL, \u00e8 la macchina pi\u00f9 piccola e pi\u00f9 maneggevole di tutta la gamma i-mop: incredibilmente maneggevole e portatile, perfetta per le pulizie dinamiche. i-mop Lite pu\u00f2 essere riposta in spazi ancora pi\u00f9 ridotti di i-mop XL. Con pannello di controllo migliorato e il nuovo meccanismo di protezione per impedire che l\u2019acqua fuoriesca, i-mop Lite \u00e8 ancora pi\u00f9 facile da usare. In questo modo fare le pulizie diventa semplice, veloce e divertente.<\/p>\n<p><strong><a href=\"https:\/\/komag.it\/wp-content\/uploads\/2023\/09\/Brochure.i-mopLite.pdf\" target=\"_blank\" rel=\"noopener\">&gt;Scheda tecnica<\/a><\/strong><\/p>\n","protected":false},"excerpt":{"rendered":"<p>Komag \u00e8 un partner ufficiale di i-Range, numerosi corsi di formazione ci permettono di sviluppare ulteriormente i nostri prodotti. Approfitta della nostra esperienza. i-mop Lite, pi\u00f9 leggera di i-mop XL, \u00e8 la macchina pi\u00f9 piccola e pi\u00f9 maneggevole di tutta la gamma i-mop: incredibilmente maneggevole e portatile, perfetta per le pulizie dinamiche. i-mop Lite pu\u00f2 [&hellip;]<\/p>\n","protected":false},"featured_media":6103,"template":"","meta":[],"product_brand":[],"product_cat":[255,264,265,266,267,268,269,270,271,272,273,274,275],"product_tag":[],"class_list":{"0":"post-6743","1":"product","2":"type-product","3":"status-publish","4":"has-post-thumbnail","6":"product_cat-lavasciuga-pavimenti","7":"product_cat-lavasciuga-pavimenti-horeca","8":"product_cat-lavasciuga-pavimenti-edilizia","9":"product_cat-lavasciuga-pavimenti-aziende","10":"product_cat-lavasciuga-pavimenti-supermercati","11":"product_cat-lavasciuga-pavimenti-falegnameria","12":"product_cat-lavasciuga-pavimenti-agricultura","13":"product_cat-lavasciuga-pavimenti-fabbro","14":"product_cat-lavasciuga-pavimenti-sanitaria","15":"product_cat-lavasciuga-pavimenti-comunale","16":"product_cat-lavasciuga-pavimenti-casa-di-cura","17":"product_cat-lavasciuga-pavimenti-azienda-sanitaria","18":"product_cat-lavasciuga-pavimenti-scuole","20":"first","21":"instock","22":"virtual","23":"product-type-simple"},"_links":{"self":[{"href":"https:\/\/komag.it\/it\/wp-json\/wp\/v2\/product\/6743","targetHints":{"allow":["GET"]}}],"collection":[{"href":"https:\/\/komag.it\/it\/wp-json\/wp\/v2\/product"}],"about":[{"href":"https:\/\/komag.it\/it\/wp-json\/wp\/v2\/types\/product"}],"version-history":[{"count":0,"href":"https:\/\/komag.it\/it\/wp-json\/wp\/v2\/product\/6743\/revisions"}],"wp:featuredmedia":[{"embeddable":true,"href":"https:\/\/komag.it\/it\/wp-json\/wp\/v2\/media\/6103"}],"wp:attachment":[{"href":"https:\/\/komag.it\/it\/wp-json\/wp\/v2\/media?parent=6743"}],"wp:term":[{"taxonomy":"product_brand","embeddable":true,"href":"https:\/\/komag.it\/it\/wp-json\/wp\/v2\/product_brand?post=6743"},{"taxonomy":"product_cat","embeddable":true,"href":"https:\/\/komag.it\/it\/wp-json\/wp\/v2\/product_cat?post=6743"},{"taxonomy":"product_tag","embeddable":true,"href":"https:\/\/komag.it\/it\/wp-json\/wp\/v2\/product_tag?post=6743"}],"curies":[{"name":"wp","href":"https:\/\/api.w.org\/{rel}","templated":true}]}}