{"id":6740,"date":"2023-03-29T13:50:56","date_gmt":"2023-03-29T11:50:56","guid":{"rendered":"https:\/\/new.komag.it\/produkt\/ghibli-wirbel-as-27-p\/"},"modified":"2023-03-29T13:50:56","modified_gmt":"2023-03-29T11:50:56","slug":"ghibli-wirbel-as-27-p","status":"publish","type":"product","link":"https:\/\/komag.it\/it\/produkt\/ghibli-wirbel-as-27-p\/","title":{"rendered":"GHIBLI &#038; WIRBEL AS 27 P"},"content":{"rendered":"<p>Aspirapolvere\/liquidi di medie dimensioni. La versione IK \u00e8 caratterizzata da un robusto serbatoio in acciaio inox e dotata di kit antistatico. Filtro a cartuccia HEPA opzionale.<\/p>\n<p>Tensione \u2013 Frequenza: 220-240 V~ 50\/60 Hz<br \/>\nPotenza massima: 1150<br \/>\nPotenza nominale: 1000<br \/>\nCapacit\u00e0 serbatoio: 36<br \/>\nCapacit\u00e0 utile: 25<br \/>\nCapacit\u00e0 sacchetto filtro: 16<br \/>\nSuperficie filtrante: 0,25<br \/>\nPortata d\u2019aria: 53<br \/>\nDepressione: 190<br \/>\nLivello sonoro: 62<br \/>\nCodice IP: IPX4<br \/>\nLunghezza cavo: 10<br \/>\nPeso (senza accessori): 9,7<br \/>\nDimensioni: 410 x 410 x 760<\/p>\n","protected":false},"excerpt":{"rendered":"<p>Aspirapolvere\/liquidi di medie dimensioni. La versione IK \u00e8 caratterizzata da un robusto serbatoio in acciaio inox e dotata di kit antistatico. Filtro a cartuccia HEPA opzionale. Tensione \u2013 Frequenza: 220-240 V~ 50\/60 Hz Potenza massima: 1150 Potenza nominale: 1000 Capacit\u00e0 serbatoio: 36 Capacit\u00e0 utile: 25 Capacit\u00e0 sacchetto filtro: 16 Superficie filtrante: 0,25 Portata d\u2019aria: 53 [&hellip;]<\/p>\n","protected":false},"featured_media":6159,"template":"","meta":[],"product_brand":[],"product_cat":[261,345,346,347,348,349,350,351,352,353,354,355,356,357],"product_tag":[],"class_list":{"0":"post-6740","1":"product","2":"type-product","3":"status-publish","4":"has-post-thumbnail","6":"product_cat-aspirapolvere-e-aspira-liquidi-gastro","7":"product_cat-aspirapolvere-e-aspira-liquidi-hotel","8":"product_cat-aspirapolvere-e-aspira-liquidi-edilizia","9":"product_cat-aspirapolvere-e-aspira-liquidi-aziende","10":"product_cat-aspirapolvere-e-aspira-liquidi-centro-commerciali","11":"product_cat-aspirapolvere-e-aspira-liquidi-falegnameria","12":"product_cat-aspirapolvere-e-aspira-liquidi-magazzino","13":"product_cat-aspirapolvere-e-aspira-liquidi-fabbro","14":"product_cat-aspirapolvere-e-aspira-liquidi-riciclaggio","15":"product_cat-aspirapolvere-e-aspira-liquidi-comunale","16":"product_cat-aspirapolvere-e-aspira-liquidi-casa-di-cura","17":"product_cat-aspirapolvere-e-aspira-liquidi-casa","18":"product_cat-aspirapolvere-e-aspira-liquidi-azienda-sanitaria","19":"product_cat-aspirapolvere-e-aspira-liquidi-scuole","21":"first","22":"instock","23":"virtual","24":"product-type-simple"},"_links":{"self":[{"href":"https:\/\/komag.it\/it\/wp-json\/wp\/v2\/product\/6740","targetHints":{"allow":["GET"]}}],"collection":[{"href":"https:\/\/komag.it\/it\/wp-json\/wp\/v2\/product"}],"about":[{"href":"https:\/\/komag.it\/it\/wp-json\/wp\/v2\/types\/product"}],"version-history":[{"count":0,"href":"https:\/\/komag.it\/it\/wp-json\/wp\/v2\/product\/6740\/revisions"}],"wp:featuredmedia":[{"embeddable":true,"href":"https:\/\/komag.it\/it\/wp-json\/wp\/v2\/media\/6159"}],"wp:attachment":[{"href":"https:\/\/komag.it\/it\/wp-json\/wp\/v2\/media?parent=6740"}],"wp:term":[{"taxonomy":"product_brand","embeddable":true,"href":"https:\/\/komag.it\/it\/wp-json\/wp\/v2\/product_brand?post=6740"},{"taxonomy":"product_cat","embeddable":true,"href":"https:\/\/komag.it\/it\/wp-json\/wp\/v2\/product_cat?post=6740"},{"taxonomy":"product_tag","embeddable":true,"href":"https:\/\/komag.it\/it\/wp-json\/wp\/v2\/product_tag?post=6740"}],"curies":[{"name":"wp","href":"https:\/\/api.w.org\/{rel}","templated":true}]}}