{"id":6734,"date":"2023-03-29T14:02:53","date_gmt":"2023-03-29T12:02:53","guid":{"rendered":"https:\/\/new.komag.it\/produkt\/ghibli-wirbel-asl-10-p\/"},"modified":"2023-03-29T14:02:53","modified_gmt":"2023-03-29T12:02:53","slug":"ghibli-wirbel-asl-10-p","status":"publish","type":"product","link":"https:\/\/komag.it\/it\/produkt\/ghibli-wirbel-asl-10-p\/","title":{"rendered":"GHIBLI &#038; WIRBEL ASL 10 P"},"content":{"rendered":"<p>Classico e robusto, prodotto supercollaudato. Filtro a cartuccia HEPA opzionale. Sacchetto carta opzionale. ASL 10 \u00e8 l\u2019aspiratore solidi-liquidi pi\u00f9 piccolo della gamma, che abbina all\u2019estrema praticit\u00e0 e manegevolezza, la massima affidabilit\u00e0 e le ottime prestazioni.<\/p>\n<p>Tensione \u2013 Frequenza: 220-240 V~ 50\/60 Hz<br \/>\nPotenza massima: 1150<br \/>\nPotenza nominale: 1000<br \/>\nCapacit\u00e0 serbatoio: 22<br \/>\nCapacit\u00e0 utile: 6<br \/>\nCapacit\u00e0 sacchetto filtro: 7<br \/>\nSuperficie filtrante: 0,19<br \/>\nPortata d\u2019aria: 53<br \/>\nDepressione: 190<br \/>\nLivello sonoro: 62<br \/>\nLunghezza cavo: 10<br \/>\nPeso (senza accessori):9,2<br \/>\nDimensioni: 410x410x560<\/p>\n","protected":false},"excerpt":{"rendered":"<p>Classico e robusto, prodotto supercollaudato. Filtro a cartuccia HEPA opzionale. Sacchetto carta opzionale. ASL 10 \u00e8 l\u2019aspiratore solidi-liquidi pi\u00f9 piccolo della gamma, che abbina all\u2019estrema praticit\u00e0 e manegevolezza, la massima affidabilit\u00e0 e le ottime prestazioni. Tensione \u2013 Frequenza: 220-240 V~ 50\/60 Hz Potenza massima: 1150 Potenza nominale: 1000 Capacit\u00e0 serbatoio: 22 Capacit\u00e0 utile: 6 Capacit\u00e0 [&hellip;]<\/p>\n","protected":false},"featured_media":6164,"template":"","meta":[],"product_brand":[],"product_cat":[261,345,346,347,348,349,350,351,352,353,354,355,356,357],"product_tag":[],"class_list":{"0":"post-6734","1":"product","2":"type-product","3":"status-publish","4":"has-post-thumbnail","6":"product_cat-aspirapolvere-e-aspira-liquidi-gastro","7":"product_cat-aspirapolvere-e-aspira-liquidi-hotel","8":"product_cat-aspirapolvere-e-aspira-liquidi-edilizia","9":"product_cat-aspirapolvere-e-aspira-liquidi-aziende","10":"product_cat-aspirapolvere-e-aspira-liquidi-centro-commerciali","11":"product_cat-aspirapolvere-e-aspira-liquidi-falegnameria","12":"product_cat-aspirapolvere-e-aspira-liquidi-magazzino","13":"product_cat-aspirapolvere-e-aspira-liquidi-fabbro","14":"product_cat-aspirapolvere-e-aspira-liquidi-riciclaggio","15":"product_cat-aspirapolvere-e-aspira-liquidi-comunale","16":"product_cat-aspirapolvere-e-aspira-liquidi-casa-di-cura","17":"product_cat-aspirapolvere-e-aspira-liquidi-casa","18":"product_cat-aspirapolvere-e-aspira-liquidi-azienda-sanitaria","19":"product_cat-aspirapolvere-e-aspira-liquidi-scuole","21":"first","22":"instock","23":"virtual","24":"product-type-simple"},"_links":{"self":[{"href":"https:\/\/komag.it\/it\/wp-json\/wp\/v2\/product\/6734","targetHints":{"allow":["GET"]}}],"collection":[{"href":"https:\/\/komag.it\/it\/wp-json\/wp\/v2\/product"}],"about":[{"href":"https:\/\/komag.it\/it\/wp-json\/wp\/v2\/types\/product"}],"version-history":[{"count":0,"href":"https:\/\/komag.it\/it\/wp-json\/wp\/v2\/product\/6734\/revisions"}],"wp:featuredmedia":[{"embeddable":true,"href":"https:\/\/komag.it\/it\/wp-json\/wp\/v2\/media\/6164"}],"wp:attachment":[{"href":"https:\/\/komag.it\/it\/wp-json\/wp\/v2\/media?parent=6734"}],"wp:term":[{"taxonomy":"product_brand","embeddable":true,"href":"https:\/\/komag.it\/it\/wp-json\/wp\/v2\/product_brand?post=6734"},{"taxonomy":"product_cat","embeddable":true,"href":"https:\/\/komag.it\/it\/wp-json\/wp\/v2\/product_cat?post=6734"},{"taxonomy":"product_tag","embeddable":true,"href":"https:\/\/komag.it\/it\/wp-json\/wp\/v2\/product_tag?post=6734"}],"curies":[{"name":"wp","href":"https:\/\/api.w.org\/{rel}","templated":true}]}}