{"id":6723,"date":"2023-04-03T16:47:39","date_gmt":"2023-04-03T14:47:39","guid":{"rendered":"https:\/\/new.komag.it\/produkt\/nilfisk-3707-10-c\/"},"modified":"2023-04-03T16:47:39","modified_gmt":"2023-04-03T14:47:39","slug":"nilfisk-3707-10-c","status":"publish","type":"product","link":"https:\/\/komag.it\/it\/produkt\/nilfisk-3707-10-c\/","title":{"rendered":"Nilfisk 3707\/10 C"},"content":{"rendered":"<p>I modelli 3707-3707\/10 sono un concentrato di potenza, adatti quindi ad aspirare materiali pesanti ed in grandi quantit\u00e0.<\/p>\n<p>Alte prestazioni in aspirazione, elevata superficie filtrante, struttura interamente metallica, contenitore da 175 litri, porta accessori, mobile ed ergonomico: cosa chiedere di pi\u00f9 ad un aspiratore? Le caratteristiche del modello 3707 soddisfano le pi\u00f9 gravose necessit\u00e0 di aspirazione con i suoi 5,5 kW di potenza, se non dovesse bastare, \u00e8 disponibile il modello 3707\/10: 7,5 kW di potenza, \u00e8 fra i modelli pi\u00f9 apprezzati di tutta la gamma Nilfisk-CFM, non ha rivali.<\/p>\n<p>Filtri L, M o H<br \/>\nAmpio contenitore facile da estrarre e svuotare<br \/>\nVersione con scuotifiltro elettrico<\/p>\n","protected":false},"excerpt":{"rendered":"<p>I modelli 3707-3707\/10 sono un concentrato di potenza, adatti quindi ad aspirare materiali pesanti ed in grandi quantit\u00e0. Alte prestazioni in aspirazione, elevata superficie filtrante, struttura interamente metallica, contenitore da 175 litri, porta accessori, mobile ed ergonomico: cosa chiedere di pi\u00f9 ad un aspiratore? Le caratteristiche del modello 3707 soddisfano le pi\u00f9 gravose necessit\u00e0 di [&hellip;]<\/p>\n","protected":false},"featured_media":6124,"template":"","meta":[],"product_brand":[],"product_cat":[379,380,382,383,386,388,389,391,393],"product_tag":[],"class_list":{"0":"post-6723","1":"product","2":"type-product","3":"status-publish","4":"has-post-thumbnail","6":"product_cat-aspirapolvere-industriali-aziende","7":"product_cat-aspirapolvere-industriali-centro-commerciali","8":"product_cat-aspirapolvere-industriali-falegname","9":"product_cat-aspirapolvere-industriali-magazzino","10":"product_cat-aspirapolvere-industriali-agricoltura","11":"product_cat-aspirapolvere-industriali-fabbri","12":"product_cat-aspirapolvere-industriali-aziende-it","13":"product_cat-aspirapolvere-industriali-riciclaggio","14":"product_cat-aspirapolvere-industriali-comunale","16":"first","17":"instock","18":"virtual","19":"product-type-simple"},"_links":{"self":[{"href":"https:\/\/komag.it\/it\/wp-json\/wp\/v2\/product\/6723","targetHints":{"allow":["GET"]}}],"collection":[{"href":"https:\/\/komag.it\/it\/wp-json\/wp\/v2\/product"}],"about":[{"href":"https:\/\/komag.it\/it\/wp-json\/wp\/v2\/types\/product"}],"version-history":[{"count":0,"href":"https:\/\/komag.it\/it\/wp-json\/wp\/v2\/product\/6723\/revisions"}],"wp:featuredmedia":[{"embeddable":true,"href":"https:\/\/komag.it\/it\/wp-json\/wp\/v2\/media\/6124"}],"wp:attachment":[{"href":"https:\/\/komag.it\/it\/wp-json\/wp\/v2\/media?parent=6723"}],"wp:term":[{"taxonomy":"product_brand","embeddable":true,"href":"https:\/\/komag.it\/it\/wp-json\/wp\/v2\/product_brand?post=6723"},{"taxonomy":"product_cat","embeddable":true,"href":"https:\/\/komag.it\/it\/wp-json\/wp\/v2\/product_cat?post=6723"},{"taxonomy":"product_tag","embeddable":true,"href":"https:\/\/komag.it\/it\/wp-json\/wp\/v2\/product_tag?post=6723"}],"curies":[{"name":"wp","href":"https:\/\/api.w.org\/{rel}","templated":true}]}}