{"id":6722,"date":"2023-04-03T16:41:10","date_gmt":"2023-04-03T14:41:10","guid":{"rendered":"https:\/\/new.komag.it\/produkt\/t30s\/"},"modified":"2023-04-03T16:41:10","modified_gmt":"2023-04-03T14:41:10","slug":"t30s","status":"publish","type":"product","link":"https:\/\/komag.it\/it\/produkt\/t30s\/","title":{"rendered":"Nilfisk T30S"},"content":{"rendered":"<p>T30S \u00e8 un aspiratore industriale trifase da 3kW estremamente efficiente per operare nelle aziende di produzione meccanica. Aspira solidi, liquidi ed \u00e8 disponibile con contenitore estraibile da 50 o 100 litri. Altri tipi di scarico (longopac o sacco) sono disponibili.<\/p>\n<p>Il motore a canale laterale collocato alla base del telaio rende questo modello estremamente maneggevole e adatto ad operare in spazi ristretti. Il T30S \u00e8 disponibile in tre versioni principali: con contenitore da 100 litri, da 50 litri e con scarico per gravit\u00e0 con sacco in plastica o Longopac (&#8220;sacco senza fine&#8221;). Quest&#8217;ultima versione \u00e8 anche dotata di filtro primario in classe M, per filtrare polveri molto fini.<\/p>\n","protected":false},"excerpt":{"rendered":"<p>T30S \u00e8 un aspiratore industriale trifase da 3kW estremamente efficiente per operare nelle aziende di produzione meccanica. Aspira solidi, liquidi ed \u00e8 disponibile con contenitore estraibile da 50 o 100 litri. Altri tipi di scarico (longopac o sacco) sono disponibili. Il motore a canale laterale collocato alla base del telaio rende questo modello estremamente maneggevole [&hellip;]<\/p>\n","protected":false},"featured_media":6121,"template":"","meta":[],"product_brand":[],"product_cat":[379,380,382,383,386,388,389,391,393],"product_tag":[],"class_list":{"0":"post-6722","1":"product","2":"type-product","3":"status-publish","4":"has-post-thumbnail","6":"product_cat-aspirapolvere-industriali-aziende","7":"product_cat-aspirapolvere-industriali-centro-commerciali","8":"product_cat-aspirapolvere-industriali-falegname","9":"product_cat-aspirapolvere-industriali-magazzino","10":"product_cat-aspirapolvere-industriali-agricoltura","11":"product_cat-aspirapolvere-industriali-fabbri","12":"product_cat-aspirapolvere-industriali-aziende-it","13":"product_cat-aspirapolvere-industriali-riciclaggio","14":"product_cat-aspirapolvere-industriali-comunale","16":"first","17":"instock","18":"virtual","19":"product-type-simple"},"_links":{"self":[{"href":"https:\/\/komag.it\/it\/wp-json\/wp\/v2\/product\/6722","targetHints":{"allow":["GET"]}}],"collection":[{"href":"https:\/\/komag.it\/it\/wp-json\/wp\/v2\/product"}],"about":[{"href":"https:\/\/komag.it\/it\/wp-json\/wp\/v2\/types\/product"}],"version-history":[{"count":0,"href":"https:\/\/komag.it\/it\/wp-json\/wp\/v2\/product\/6722\/revisions"}],"wp:featuredmedia":[{"embeddable":true,"href":"https:\/\/komag.it\/it\/wp-json\/wp\/v2\/media\/6121"}],"wp:attachment":[{"href":"https:\/\/komag.it\/it\/wp-json\/wp\/v2\/media?parent=6722"}],"wp:term":[{"taxonomy":"product_brand","embeddable":true,"href":"https:\/\/komag.it\/it\/wp-json\/wp\/v2\/product_brand?post=6722"},{"taxonomy":"product_cat","embeddable":true,"href":"https:\/\/komag.it\/it\/wp-json\/wp\/v2\/product_cat?post=6722"},{"taxonomy":"product_tag","embeddable":true,"href":"https:\/\/komag.it\/it\/wp-json\/wp\/v2\/product_tag?post=6722"}],"curies":[{"name":"wp","href":"https:\/\/api.w.org\/{rel}","templated":true}]}}