{"id":6719,"date":"2023-04-03T16:49:48","date_gmt":"2023-04-03T14:49:48","guid":{"rendered":"https:\/\/new.komag.it\/produkt\/vhc-110-120-compressed-air\/"},"modified":"2023-04-03T16:49:48","modified_gmt":"2023-04-03T14:49:48","slug":"vhc-110-120-compressed-air","status":"publish","type":"product","link":"https:\/\/komag.it\/it\/produkt\/vhc-110-120-compressed-air\/","title":{"rendered":"Nilfisk VHC 110\/120"},"content":{"rendered":"<p>Il VHC110 \u00e8 un aspiratore industriale ad aria compressa di facile utilizzo concepito per essere utilizzato laddove l&#8217;elettricit\u00e0 non \u00e8 disponibile o vietata, \u00e8 dotato di un innovativo sistema multistadio di generazione del vuoto.<\/p>\n<p>Gli aspiratori ad aria compressa garantiscono il rispetto per l&#8217;ambiente e il maggior livello di sicurezza per gli operatori. Grazie al nuovo sistema multistadio di generazione del vuoto, garantisce buone prestazioni con il minor consumo d&#8217;aria di sempre, portando cos\u00ec a un notevole risparmio di costi e di energia. Compatto e leggero, il VHC110 \u00e8 dotato di un contenitore da 37 litri ed \u00e8 disponibile nella versione verniciata o in acciaio inox. Dotato di filtro stellare in classe L con una superfice filtrante di 16.000 cm\u00b2 e di manometro, il modello VHC110 \u00e8 l&#8217;aspiratore industriale ideale per cantieri navali, aziende metalmeccaniche, raffinerie, industrie chimiche, impianti di verniciatura a spruzzo, ma anche nell&#8217;industria alimentare, quando si \u00e8 in presenza di elettricit\u00e0 statica (lavorando con zucchero o farina), nei cantieri e durante le operazioni di trattamento delle superfici.<\/p>\n<p>Compatto<br \/>\nContenitore ad alta capacit\u00e0<br \/>\nRisparmio di Energia<br \/>\nConsumo di aria compressa dimezzato<br \/>\nRapido ritorno sull&#8217;investimento<br \/>\nMeno fermi macchina per la manutenzione ordinaria<br \/>\nScuotifiltro manuale standard<br \/>\nFiltro stellare da 16.000 cm2<br \/>\nManometro<br \/>\nDisponibile versione in acciaio inox<br \/>\nDisponibile filtro assoluto HEPA in aspirazione<\/p>\n","protected":false},"excerpt":{"rendered":"<p>Il VHC110 \u00e8 un aspiratore industriale ad aria compressa di facile utilizzo concepito per essere utilizzato laddove l&#8217;elettricit\u00e0 non \u00e8 disponibile o vietata, \u00e8 dotato di un innovativo sistema multistadio di generazione del vuoto. Gli aspiratori ad aria compressa garantiscono il rispetto per l&#8217;ambiente e il maggior livello di sicurezza per gli operatori. Grazie al [&hellip;]<\/p>\n","protected":false},"featured_media":6127,"template":"","meta":[],"product_brand":[],"product_cat":[379,380,382,383,386,388,389,391,393],"product_tag":[],"class_list":{"0":"post-6719","1":"product","2":"type-product","3":"status-publish","4":"has-post-thumbnail","6":"product_cat-aspirapolvere-industriali-aziende","7":"product_cat-aspirapolvere-industriali-centro-commerciali","8":"product_cat-aspirapolvere-industriali-falegname","9":"product_cat-aspirapolvere-industriali-magazzino","10":"product_cat-aspirapolvere-industriali-agricoltura","11":"product_cat-aspirapolvere-industriali-fabbri","12":"product_cat-aspirapolvere-industriali-aziende-it","13":"product_cat-aspirapolvere-industriali-riciclaggio","14":"product_cat-aspirapolvere-industriali-comunale","16":"first","17":"instock","18":"virtual","19":"product-type-simple"},"_links":{"self":[{"href":"https:\/\/komag.it\/it\/wp-json\/wp\/v2\/product\/6719","targetHints":{"allow":["GET"]}}],"collection":[{"href":"https:\/\/komag.it\/it\/wp-json\/wp\/v2\/product"}],"about":[{"href":"https:\/\/komag.it\/it\/wp-json\/wp\/v2\/types\/product"}],"version-history":[{"count":0,"href":"https:\/\/komag.it\/it\/wp-json\/wp\/v2\/product\/6719\/revisions"}],"wp:featuredmedia":[{"embeddable":true,"href":"https:\/\/komag.it\/it\/wp-json\/wp\/v2\/media\/6127"}],"wp:attachment":[{"href":"https:\/\/komag.it\/it\/wp-json\/wp\/v2\/media?parent=6719"}],"wp:term":[{"taxonomy":"product_brand","embeddable":true,"href":"https:\/\/komag.it\/it\/wp-json\/wp\/v2\/product_brand?post=6719"},{"taxonomy":"product_cat","embeddable":true,"href":"https:\/\/komag.it\/it\/wp-json\/wp\/v2\/product_cat?post=6719"},{"taxonomy":"product_tag","embeddable":true,"href":"https:\/\/komag.it\/it\/wp-json\/wp\/v2\/product_tag?post=6719"}],"curies":[{"name":"wp","href":"https:\/\/api.w.org\/{rel}","templated":true}]}}