{"id":6718,"date":"2023-04-03T16:55:02","date_gmt":"2023-04-03T14:55:02","guid":{"rendered":"https:\/\/new.komag.it\/produkt\/vhs-110-atex\/"},"modified":"2023-09-11T13:46:10","modified_gmt":"2023-09-11T11:46:10","slug":"vhs-110-atex","status":"publish","type":"product","link":"https:\/\/komag.it\/it\/produkt\/vhs-110-atex\/","title":{"rendered":"Nilfisk VHS 110 \u2013 ATEX"},"content":{"rendered":"<p>Il modello VHS110 ATEX \u00e8 un aspiratore industriale monofase antideflagrante adatto per l&#8217;utilizzo in Zona 22 ATEX. Risulta la scelta ideale ogniqualvolta si necessita di un aspiratore compatto che possa garantire i migliori standard di sicurezza.<\/p>\n<p>Dotato di un motore brushless (senza carboncini), questo modello garantisce elevati standard di sicurezza, combinati con performance di alto livello in termini di portata d&#8217;aria. Inoltre richiede una ridotta manutenzione ed \u00e8 adatto per un utilizzo continuo. Il modello VHS110 ATEX \u00e8 compatto in modo da poter essere facilmente utilizzato ovunque, ma con una buona capacit\u00e0 grazie al suo contenitore da 37 litri amovibile. Il design semplice permette di pulire e sanificare la macchina molto facilmente, essendo accessibile ovunque senza alcun problema. Verniciato o in acciaio inox AISI 304 (optional), il modello VHS110 ATEX \u00e8 molto apprezzato per la sua modularit\u00e0, che permette all&#8217;operatore di eseguire eventuali modifiche in pochi minuti direttamente sul campo.<\/p>\n<p>Certificato per ambienti ATEX Z22<br \/>\nMotore brushless (senza carboncini) per elevati standard di sicurezza, prestazioni di alto livello e manutenzione ridotta (durata + 10.000 ore)<br \/>\nFiltro stellare antistatico in classe L con superficie filtrante da 1m2<br \/>\nSistema di pulizia del filtro PullClean (nessuna necessit\u00e0 di fermare la macchina per pulirla)<br \/>\nCapacit\u00e0 del contenitore estraibile di 37lt<br \/>\nDesign modulare che permette all&#8217;operatore di eseguire eventuali modifiche in pochi minuti direttamente sul campo<br \/>\nVacuometro per rilevare costantemente le prestazioni della macchina<br \/>\nAspiratore compatto dalle dimensioni ridotte (400mm di diametro)<\/p>\n","protected":false},"excerpt":{"rendered":"<p>Il modello VHS110 ATEX \u00e8 un aspiratore industriale monofase antideflagrante adatto per l&#8217;utilizzo in Zona 22 ATEX. Risulta la scelta ideale ogniqualvolta si necessita di un aspiratore compatto che possa garantire i migliori standard di sicurezza. Dotato di un motore brushless (senza carboncini), questo modello garantisce elevati standard di sicurezza, combinati con performance di alto [&hellip;]<\/p>\n","protected":false},"featured_media":6130,"template":"","meta":[],"product_brand":[],"product_cat":[379,380,382,383,386,388,389,391,393],"product_tag":[],"class_list":{"0":"post-6718","1":"product","2":"type-product","3":"status-publish","4":"has-post-thumbnail","6":"product_cat-aspirapolvere-industriali-aziende","7":"product_cat-aspirapolvere-industriali-centro-commerciali","8":"product_cat-aspirapolvere-industriali-falegname","9":"product_cat-aspirapolvere-industriali-magazzino","10":"product_cat-aspirapolvere-industriali-agricoltura","11":"product_cat-aspirapolvere-industriali-fabbri","12":"product_cat-aspirapolvere-industriali-aziende-it","13":"product_cat-aspirapolvere-industriali-riciclaggio","14":"product_cat-aspirapolvere-industriali-comunale","16":"first","17":"instock","18":"virtual","19":"product-type-simple"},"_links":{"self":[{"href":"https:\/\/komag.it\/it\/wp-json\/wp\/v2\/product\/6718","targetHints":{"allow":["GET"]}}],"collection":[{"href":"https:\/\/komag.it\/it\/wp-json\/wp\/v2\/product"}],"about":[{"href":"https:\/\/komag.it\/it\/wp-json\/wp\/v2\/types\/product"}],"version-history":[{"count":0,"href":"https:\/\/komag.it\/it\/wp-json\/wp\/v2\/product\/6718\/revisions"}],"wp:featuredmedia":[{"embeddable":true,"href":"https:\/\/komag.it\/it\/wp-json\/wp\/v2\/media\/6130"}],"wp:attachment":[{"href":"https:\/\/komag.it\/it\/wp-json\/wp\/v2\/media?parent=6718"}],"wp:term":[{"taxonomy":"product_brand","embeddable":true,"href":"https:\/\/komag.it\/it\/wp-json\/wp\/v2\/product_brand?post=6718"},{"taxonomy":"product_cat","embeddable":true,"href":"https:\/\/komag.it\/it\/wp-json\/wp\/v2\/product_cat?post=6718"},{"taxonomy":"product_tag","embeddable":true,"href":"https:\/\/komag.it\/it\/wp-json\/wp\/v2\/product_tag?post=6718"}],"curies":[{"name":"wp","href":"https:\/\/api.w.org\/{rel}","templated":true}]}}