{"id":6672,"date":"2023-04-26T10:01:54","date_gmt":"2023-04-26T08:01:54","guid":{"rendered":"http:\/\/new.komag.it\/produkt\/hako-citymaster-1250c\/"},"modified":"2023-04-26T10:01:54","modified_gmt":"2023-04-26T08:01:54","slug":"hako-citymaster-1250c","status":"publish","type":"product","link":"https:\/\/komag.it\/it\/produkt\/hako-citymaster-1250c\/","title":{"rendered":"HAKO CITYMASTER 1250C"},"content":{"rendered":"<p>Quando lo spazzamento meccanizzato non \u00e8 sufficiente, per far risplendere una pavimentazione pregiata o per il ripristino delle strisce pedonali o piste ciclabili la Hako-Citycleaner 1250 \u00e8 la soluzione ideale. Ha una larghezza di lavoro \u00e8 di 1,32 m e grazie allo sterzo articolato riesce a lavare meticolosamente attorno agli ostacoli. Le 3 spazzole ed il tergipavimento si adattano ai dislivelli tipici delle applicazioni urbane garantendo un ottimo risultato su tutte le superfici. Per aumentarne l&#8217;efficacia sulle diverse superfici l&#8217;operatore pu\u00f2 regolare sia la pressione che la velocit\u00e0 delle spazzole dall&#8217;interno della cabina. Per gli interventi specifici di rimozione dell&#8217;olio \u00e8 disponibile il dosatore del detergente regolabile dall&#8217;interno della cabina.<\/p>\n","protected":false},"excerpt":{"rendered":"<p>Quando lo spazzamento meccanizzato non \u00e8 sufficiente, per far risplendere una pavimentazione pregiata o per il ripristino delle strisce pedonali o piste ciclabili la Hako-Citycleaner 1250 \u00e8 la soluzione ideale. Ha una larghezza di lavoro \u00e8 di 1,32 m e grazie allo sterzo articolato riesce a lavare meticolosamente attorno agli ostacoli. Le 3 spazzole ed [&hellip;]<\/p>\n","protected":false},"featured_media":6286,"template":"","meta":[],"product_brand":[],"product_cat":[402,405],"product_tag":[],"class_list":{"0":"post-6672","1":"product","2":"type-product","3":"status-publish","4":"has-post-thumbnail","6":"product_cat-macchine-municipali","7":"product_cat-macchine-municipali-comunale","9":"first","10":"instock","11":"virtual","12":"product-type-simple"},"_links":{"self":[{"href":"https:\/\/komag.it\/it\/wp-json\/wp\/v2\/product\/6672","targetHints":{"allow":["GET"]}}],"collection":[{"href":"https:\/\/komag.it\/it\/wp-json\/wp\/v2\/product"}],"about":[{"href":"https:\/\/komag.it\/it\/wp-json\/wp\/v2\/types\/product"}],"version-history":[{"count":0,"href":"https:\/\/komag.it\/it\/wp-json\/wp\/v2\/product\/6672\/revisions"}],"wp:featuredmedia":[{"embeddable":true,"href":"https:\/\/komag.it\/it\/wp-json\/wp\/v2\/media\/6286"}],"wp:attachment":[{"href":"https:\/\/komag.it\/it\/wp-json\/wp\/v2\/media?parent=6672"}],"wp:term":[{"taxonomy":"product_brand","embeddable":true,"href":"https:\/\/komag.it\/it\/wp-json\/wp\/v2\/product_brand?post=6672"},{"taxonomy":"product_cat","embeddable":true,"href":"https:\/\/komag.it\/it\/wp-json\/wp\/v2\/product_cat?post=6672"},{"taxonomy":"product_tag","embeddable":true,"href":"https:\/\/komag.it\/it\/wp-json\/wp\/v2\/product_tag?post=6672"}],"curies":[{"name":"wp","href":"https:\/\/api.w.org\/{rel}","templated":true}]}}