{"id":6671,"date":"2023-04-26T10:12:36","date_gmt":"2023-04-26T08:12:36","guid":{"rendered":"http:\/\/new.komag.it\/produkt\/hako-citymaster-2200\/"},"modified":"2023-04-26T10:12:36","modified_gmt":"2023-04-26T08:12:36","slug":"hako-citymaster-2200","status":"publish","type":"product","link":"https:\/\/komag.it\/it\/produkt\/hako-citymaster-2200\/","title":{"rendered":"HAKO CITYMASTER 2200"},"content":{"rendered":"<p>Il nuovo Citymaster 2200 &#8211; sviluppato per la massima economia, sicurezza e flessibilit\u00e0 nella pulizia delle aree pubbliche. Con componenti di alta qualit\u00e0 e di grande formato che soddisfano i requisiti di alta qualit\u00e0 e durata della pi\u00f9 recente tecnologia municipale. Dotato di un sistema di spazzamento a 2 o 3 spazzole e del volume di tramoggia pi\u00f9 grande della sua categoria, per uno spazzamento delle superfici efficiente in termini di tempo.<\/p>\n<p>Tre in uno: spazzamento, pulizia a umido, servizio invernale<\/p>\n<p>Oltre all&#8217;impiego come spazzatrice professionale, la Citymaster 2200 pu\u00f2 essere utilizzata in modo particolarmente flessibile. L&#8217;unit\u00e0 di spazzamento pu\u00f2 essere facilmente rimossa tramite un sistema di cambio rapido e la macchina \u00e8 disponibile per la pulizia a umido (lavaggio, strofinamento) o per il servizio invernale (sgombero, sgranatura).<\/p>\n","protected":false},"excerpt":{"rendered":"<p>Il nuovo Citymaster 2200 &#8211; sviluppato per la massima economia, sicurezza e flessibilit\u00e0 nella pulizia delle aree pubbliche. Con componenti di alta qualit\u00e0 e di grande formato che soddisfano i requisiti di alta qualit\u00e0 e durata della pi\u00f9 recente tecnologia municipale. Dotato di un sistema di spazzamento a 2 o 3 spazzole e del volume [&hellip;]<\/p>\n","protected":false},"featured_media":6290,"template":"","meta":[],"product_brand":[],"product_cat":[402,405],"product_tag":[],"class_list":{"0":"post-6671","1":"product","2":"type-product","3":"status-publish","4":"has-post-thumbnail","6":"product_cat-macchine-municipali","7":"product_cat-macchine-municipali-comunale","9":"first","10":"instock","11":"virtual","12":"product-type-simple"},"_links":{"self":[{"href":"https:\/\/komag.it\/it\/wp-json\/wp\/v2\/product\/6671","targetHints":{"allow":["GET"]}}],"collection":[{"href":"https:\/\/komag.it\/it\/wp-json\/wp\/v2\/product"}],"about":[{"href":"https:\/\/komag.it\/it\/wp-json\/wp\/v2\/types\/product"}],"version-history":[{"count":0,"href":"https:\/\/komag.it\/it\/wp-json\/wp\/v2\/product\/6671\/revisions"}],"wp:featuredmedia":[{"embeddable":true,"href":"https:\/\/komag.it\/it\/wp-json\/wp\/v2\/media\/6290"}],"wp:attachment":[{"href":"https:\/\/komag.it\/it\/wp-json\/wp\/v2\/media?parent=6671"}],"wp:term":[{"taxonomy":"product_brand","embeddable":true,"href":"https:\/\/komag.it\/it\/wp-json\/wp\/v2\/product_brand?post=6671"},{"taxonomy":"product_cat","embeddable":true,"href":"https:\/\/komag.it\/it\/wp-json\/wp\/v2\/product_cat?post=6671"},{"taxonomy":"product_tag","embeddable":true,"href":"https:\/\/komag.it\/it\/wp-json\/wp\/v2\/product_tag?post=6671"}],"curies":[{"name":"wp","href":"https:\/\/api.w.org\/{rel}","templated":true}]}}