{"id":6670,"date":"2023-04-26T10:16:34","date_gmt":"2023-04-26T08:16:34","guid":{"rendered":"http:\/\/new.komag.it\/produkt\/hako-citymaster-600-it\/"},"modified":"2023-04-26T10:16:34","modified_gmt":"2023-04-26T08:16:34","slug":"hako-citymaster-600-it","status":"publish","type":"product","link":"https:\/\/komag.it\/it\/produkt\/hako-citymaster-600-it\/","title":{"rendered":"HAKO CITYMASTER 600"},"content":{"rendered":"<p>Il Citymaster 600 soddisfa perfettamente le vostre esigenze, con il massimo livello di comfort operativo e l&#8217;innovativo sistema di cambio rapido per una gamma di accessori appositamente adattati alle vostre esigenze.<\/p>\n<p>Il Citymaster 600 combina un&#8217;ampia gamma di vantaggi e funzioni in dimensioni compatte. Allo stesso tempo, la sua postazione di guida spaziosa e confortevole facilita le lunghe giornate di lavoro. Grazie alla larghezza ridotta del veicolo e all&#8217;enorme manovrabilit\u00e0, apre anche le aree di lavoro pi\u00f9 strette. Un solo veicolo portante universale con sistema di cambio rapido e numerosi accessori: questo garantisce costi ridotti. Si acquista solo ci\u00f2 che serve davvero. Grazie alla struttura robusta e di facile manutenzione, il Citymaster 600 \u00e8 economico a lungo termine. In questo modo la qualit\u00e0 Hako si ripaga rapidamente.<\/p>\n","protected":false},"excerpt":{"rendered":"<p>Il Citymaster 600 soddisfa perfettamente le vostre esigenze, con il massimo livello di comfort operativo e l&#8217;innovativo sistema di cambio rapido per una gamma di accessori appositamente adattati alle vostre esigenze. Il Citymaster 600 combina un&#8217;ampia gamma di vantaggi e funzioni in dimensioni compatte. Allo stesso tempo, la sua postazione di guida spaziosa e confortevole [&hellip;]<\/p>\n","protected":false},"featured_media":6285,"template":"","meta":[],"product_brand":[],"product_cat":[402,405],"product_tag":[],"class_list":{"0":"post-6670","1":"product","2":"type-product","3":"status-publish","4":"has-post-thumbnail","6":"product_cat-macchine-municipali","7":"product_cat-macchine-municipali-comunale","9":"first","10":"instock","11":"virtual","12":"product-type-simple"},"_links":{"self":[{"href":"https:\/\/komag.it\/it\/wp-json\/wp\/v2\/product\/6670","targetHints":{"allow":["GET"]}}],"collection":[{"href":"https:\/\/komag.it\/it\/wp-json\/wp\/v2\/product"}],"about":[{"href":"https:\/\/komag.it\/it\/wp-json\/wp\/v2\/types\/product"}],"version-history":[{"count":0,"href":"https:\/\/komag.it\/it\/wp-json\/wp\/v2\/product\/6670\/revisions"}],"wp:featuredmedia":[{"embeddable":true,"href":"https:\/\/komag.it\/it\/wp-json\/wp\/v2\/media\/6285"}],"wp:attachment":[{"href":"https:\/\/komag.it\/it\/wp-json\/wp\/v2\/media?parent=6670"}],"wp:term":[{"taxonomy":"product_brand","embeddable":true,"href":"https:\/\/komag.it\/it\/wp-json\/wp\/v2\/product_brand?post=6670"},{"taxonomy":"product_cat","embeddable":true,"href":"https:\/\/komag.it\/it\/wp-json\/wp\/v2\/product_cat?post=6670"},{"taxonomy":"product_tag","embeddable":true,"href":"https:\/\/komag.it\/it\/wp-json\/wp\/v2\/product_tag?post=6670"}],"curies":[{"name":"wp","href":"https:\/\/api.w.org\/{rel}","templated":true}]}}