{"id":6664,"date":"2023-05-16T15:09:45","date_gmt":"2023-05-16T13:09:45","guid":{"rendered":"http:\/\/new.komag.it\/produkt\/giotto\/"},"modified":"2023-05-16T15:09:45","modified_gmt":"2023-05-16T13:09:45","slug":"giotto","status":"publish","type":"product","link":"https:\/\/komag.it\/it\/produkt\/giotto\/","title":{"rendered":"Giotto"},"content":{"rendered":"<p>Giotto \u00e8 un carrello lavaggio per pavimenti di grandi dimensioni con mop o ricambi piatti; Carrello per le pulizie professionali di eccezionale solidit\u00e0 ed affidabilit\u00e0, grazie al design tecnico ed alla selezione dei materiali di prima scelta; Migliore pulibilit\u00e0 ed igiene, le superfici e la struttura sono trattati specificatamente per una minore adesione di liquidi e sporco; Carrello di grande manovrabilit\u00e0 e silenziosit\u00e0 grazie alle ruote in tecno-polimero sviluppate in TWT; Decine di versioni disponibili grazie anche all&#8217;innovativa configurazione degli accessori, Giotto Top Bin rappresenta un carrello multiuso per le pulizie robusto e compatto, anche nel prezzo.<\/p>\n","protected":false},"excerpt":{"rendered":"<p>Giotto \u00e8 un carrello lavaggio per pavimenti di grandi dimensioni con mop o ricambi piatti; Carrello per le pulizie professionali di eccezionale solidit\u00e0 ed affidabilit\u00e0, grazie al design tecnico ed alla selezione dei materiali di prima scelta; Migliore pulibilit\u00e0 ed igiene, le superfici e la struttura sono trattati specificatamente per una minore adesione di liquidi [&hellip;]<\/p>\n","protected":false},"featured_media":6322,"template":"","meta":[],"product_brand":[],"product_cat":[375],"product_tag":[],"class_list":{"0":"post-6664","1":"product","2":"type-product","3":"status-publish","4":"has-post-thumbnail","6":"product_cat-carrelli-per-pulizia-hotel","8":"first","9":"instock","10":"virtual","11":"product-type-simple"},"_links":{"self":[{"href":"https:\/\/komag.it\/it\/wp-json\/wp\/v2\/product\/6664","targetHints":{"allow":["GET"]}}],"collection":[{"href":"https:\/\/komag.it\/it\/wp-json\/wp\/v2\/product"}],"about":[{"href":"https:\/\/komag.it\/it\/wp-json\/wp\/v2\/types\/product"}],"version-history":[{"count":0,"href":"https:\/\/komag.it\/it\/wp-json\/wp\/v2\/product\/6664\/revisions"}],"wp:featuredmedia":[{"embeddable":true,"href":"https:\/\/komag.it\/it\/wp-json\/wp\/v2\/media\/6322"}],"wp:attachment":[{"href":"https:\/\/komag.it\/it\/wp-json\/wp\/v2\/media?parent=6664"}],"wp:term":[{"taxonomy":"product_brand","embeddable":true,"href":"https:\/\/komag.it\/it\/wp-json\/wp\/v2\/product_brand?post=6664"},{"taxonomy":"product_cat","embeddable":true,"href":"https:\/\/komag.it\/it\/wp-json\/wp\/v2\/product_cat?post=6664"},{"taxonomy":"product_tag","embeddable":true,"href":"https:\/\/komag.it\/it\/wp-json\/wp\/v2\/product_tag?post=6664"}],"curies":[{"name":"wp","href":"https:\/\/api.w.org\/{rel}","templated":true}]}}