{"id":6578,"date":"2023-06-22T14:36:57","date_gmt":"2023-06-22T12:36:57","guid":{"rendered":"http:\/\/new.komag.it\/produkt\/interruttore-maniglia-on-off-szn360\/"},"modified":"2023-06-22T14:36:57","modified_gmt":"2023-06-22T12:36:57","slug":"interruttore-maniglia-on-off-szn360","status":"publish","type":"product","link":"https:\/\/komag.it\/it\/produkt\/interruttore-maniglia-on-off-szn360\/","title":{"rendered":"INTERRUTTORE  MANIGLIA ON\/OFF SZN360"},"content":{"rendered":"<p>Il manico del tubo di aspirazione \u00e8 dotato di un interruttore con il quale \u00e8 possibile accendere o spegnere manualmente l&#8217;aspirapolvere. Pu\u00f2 essere utilizzata solo con tubi di aspirazione e spazzole o bocchette con un \u00d8 di 32 mm.<\/p>\n","protected":false},"excerpt":{"rendered":"<p>Il manico del tubo di aspirazione \u00e8 dotato di un interruttore con il quale \u00e8 possibile accendere o spegnere manualmente l&#8217;aspirapolvere. Pu\u00f2 essere utilizzata solo con tubi di aspirazione e spazzole o bocchette con un \u00d8 di 32 mm.<\/p>\n","protected":false},"featured_media":6373,"template":"","meta":[],"product_brand":[],"product_cat":[263,297,334,335,336,337,338,339,340,298,341,299,342,300,343,344,301],"product_tag":[],"class_list":{"0":"post-6578","1":"product","2":"type-product","3":"status-publish","4":"has-post-thumbnail","6":"product_cat-accessori-gastronomia","7":"product_cat-accessori-hotel-pulizia","8":"product_cat-aspirapolvere-centralizzati-hotel","9":"product_cat-aspirapolvere-centralizzati-edilizia","10":"product_cat-aspirapolvere-centralizzati-centro-commerciali","11":"product_cat-aspirapolvere-centralizzati-falegnameria","12":"product_cat-aspirapolvere-centralizzati-magazzino","13":"product_cat-aspirapolvere-centralizzati-fabbro","14":"product_cat-aspirapolvere-centralizzati-medicina","15":"product_cat-accessori-casa-di-cura","16":"product_cat-aspirapolvere-centralizzati-casa-di-cura","17":"product_cat-accessori-casa","18":"product_cat-aspirapolvere-centralizzati-casa","19":"product_cat-accessori-azienda-sanitaria","20":"product_cat-aspirapolvere-centralizzati-azienda-sanitaria","21":"product_cat-aspirapolvere-centralizzati-scuole","22":"product_cat-accessori-scuole","24":"first","25":"instock","26":"virtual","27":"product-type-simple"},"_links":{"self":[{"href":"https:\/\/komag.it\/it\/wp-json\/wp\/v2\/product\/6578","targetHints":{"allow":["GET"]}}],"collection":[{"href":"https:\/\/komag.it\/it\/wp-json\/wp\/v2\/product"}],"about":[{"href":"https:\/\/komag.it\/it\/wp-json\/wp\/v2\/types\/product"}],"version-history":[{"count":0,"href":"https:\/\/komag.it\/it\/wp-json\/wp\/v2\/product\/6578\/revisions"}],"wp:featuredmedia":[{"embeddable":true,"href":"https:\/\/komag.it\/it\/wp-json\/wp\/v2\/media\/6373"}],"wp:attachment":[{"href":"https:\/\/komag.it\/it\/wp-json\/wp\/v2\/media?parent=6578"}],"wp:term":[{"taxonomy":"product_brand","embeddable":true,"href":"https:\/\/komag.it\/it\/wp-json\/wp\/v2\/product_brand?post=6578"},{"taxonomy":"product_cat","embeddable":true,"href":"https:\/\/komag.it\/it\/wp-json\/wp\/v2\/product_cat?post=6578"},{"taxonomy":"product_tag","embeddable":true,"href":"https:\/\/komag.it\/it\/wp-json\/wp\/v2\/product_tag?post=6578"}],"curies":[{"name":"wp","href":"https:\/\/api.w.org\/{rel}","templated":true}]}}