{"id":6574,"date":"2023-06-22T14:43:37","date_gmt":"2023-06-22T12:43:37","guid":{"rendered":"http:\/\/new.komag.it\/produkt\/strofinacci-da-cucina-premium\/"},"modified":"2023-06-22T14:43:37","modified_gmt":"2023-06-22T12:43:37","slug":"strofinacci-da-cucina-premium","status":"publish","type":"product","link":"https:\/\/komag.it\/it\/produkt\/strofinacci-da-cucina-premium\/","title":{"rendered":"Strofinacci da cucina premium"},"content":{"rendered":"<p>Lo strofinaccio in microfibre particolarmente assorbenti \u00e8 ideale per asciugare piatti. La microfibra garantisce un&#8217;assorbenza significativamente superiore e un volume di assorbimento molto elevato rispetto agli strofinacci convenzionali. Inoltre, lo strofinaccio realizzato con questa fibra funzionale si asciuga molto pi\u00f9 rapidamente rispetto agli strofinacci tradizionali. Grazie alla speciale lavorazione, il panno non lascia n\u00e9 strisce n\u00e9 pelucchi. Ideale per piatti, posate, padelle, pentole, ecc.<\/p>\n","protected":false},"excerpt":{"rendered":"<p>Lo strofinaccio in microfibre particolarmente assorbenti \u00e8 ideale per asciugare piatti. La microfibra garantisce un&#8217;assorbenza significativamente superiore e un volume di assorbimento molto elevato rispetto agli strofinacci convenzionali. Inoltre, lo strofinaccio realizzato con questa fibra funzionale si asciuga molto pi\u00f9 rapidamente rispetto agli strofinacci tradizionali. Grazie alla speciale lavorazione, il panno non lascia n\u00e9 strisce [&hellip;]<\/p>\n","protected":false},"featured_media":6376,"template":"","meta":[],"product_brand":[],"product_cat":[263,297,298,299,300,301],"product_tag":[],"class_list":{"0":"post-6574","1":"product","2":"type-product","3":"status-publish","4":"has-post-thumbnail","6":"product_cat-accessori-gastronomia","7":"product_cat-accessori-hotel-pulizia","8":"product_cat-accessori-casa-di-cura","9":"product_cat-accessori-casa","10":"product_cat-accessori-azienda-sanitaria","11":"product_cat-accessori-scuole","13":"first","14":"instock","15":"virtual","16":"product-type-simple"},"_links":{"self":[{"href":"https:\/\/komag.it\/it\/wp-json\/wp\/v2\/product\/6574","targetHints":{"allow":["GET"]}}],"collection":[{"href":"https:\/\/komag.it\/it\/wp-json\/wp\/v2\/product"}],"about":[{"href":"https:\/\/komag.it\/it\/wp-json\/wp\/v2\/types\/product"}],"version-history":[{"count":0,"href":"https:\/\/komag.it\/it\/wp-json\/wp\/v2\/product\/6574\/revisions"}],"wp:featuredmedia":[{"embeddable":true,"href":"https:\/\/komag.it\/it\/wp-json\/wp\/v2\/media\/6376"}],"wp:attachment":[{"href":"https:\/\/komag.it\/it\/wp-json\/wp\/v2\/media?parent=6574"}],"wp:term":[{"taxonomy":"product_brand","embeddable":true,"href":"https:\/\/komag.it\/it\/wp-json\/wp\/v2\/product_brand?post=6574"},{"taxonomy":"product_cat","embeddable":true,"href":"https:\/\/komag.it\/it\/wp-json\/wp\/v2\/product_cat?post=6574"},{"taxonomy":"product_tag","embeddable":true,"href":"https:\/\/komag.it\/it\/wp-json\/wp\/v2\/product_tag?post=6574"}],"curies":[{"name":"wp","href":"https:\/\/api.w.org\/{rel}","templated":true}]}}